{"id":105090,"date":"2019-12-09T13:08:22","date_gmt":"2019-12-09T12:08:22","guid":{"rendered":"https:\/\/style4caravan.de\/?page_id=105090"},"modified":"2025-10-26T11:11:58","modified_gmt":"2025-10-26T10:11:58","slug":"garantiebedingungen","status":"publish","type":"page","link":"https:\/\/caravan-laken.de\/en\/garantiebedingungen\/","title":{"rendered":"Warranty"},"content":{"rendered":"<div data-elementor-type=\"wp-page\" data-elementor-id=\"105090\" class=\"elementor elementor-105090\" data-elementor-post-type=\"page\">\n\t\t\t\t\t\t<section class=\"elementor-section elementor-top-section elementor-element elementor-element-eb4f8c7 elementor-section-boxed elementor-section-height-default elementor-section-height-default\" data-id=\"eb4f8c7\" data-element_type=\"section\">\n\t\t\t\t\t\t<div class=\"elementor-container elementor-column-gap-default\">\n\t\t\t\t\t<div class=\"elementor-column elementor-col-100 elementor-top-column elementor-element elementor-element-06eb67a\" data-id=\"06eb67a\" data-element_type=\"column\">\n\t\t\t<div class=\"elementor-widget-wrap elementor-element-populated\">\n\t\t\t\t\t\t<div class=\"elementor-element elementor-element-70b2763 elementor-widget elementor-widget-spacer\" data-id=\"70b2763\" data-element_type=\"widget\" data-widget_type=\"spacer.default\">\n\t\t\t\t<div class=\"elementor-widget-container\">\n\t\t\t\t\t\t\t<div class=\"elementor-spacer\">\n\t\t\t<div class=\"elementor-spacer-inner\"><\/div>\n\t\t<\/div>\n\t\t\t\t\t\t<\/div>\n\t\t\t\t<\/div>\n\t\t\t\t\t<\/div>\n\t\t<\/div>\n\t\t\t\t\t<\/div>\n\t\t<\/section>\n\t\t\t\t<section class=\"elementor-section elementor-top-section elementor-element elementor-element-6253df19 elementor-section-boxed elementor-section-height-default elementor-section-height-default\" data-id=\"6253df19\" data-element_type=\"section\">\n\t\t\t\t\t\t<div class=\"elementor-container elementor-column-gap-default\">\n\t\t\t\t\t<div class=\"elementor-column elementor-col-100 elementor-top-column elementor-element elementor-element-77d3b6d5\" data-id=\"77d3b6d5\" data-element_type=\"column\">\n\t\t\t<div class=\"elementor-widget-wrap elementor-element-populated\">\n\t\t\t\t\t\t<div class=\"elementor-element elementor-element-7f721670 elementor-widget elementor-widget-text-editor\" data-id=\"7f721670\" data-element_type=\"widget\" data-widget_type=\"text-editor.default\">\n\t\t\t\t<div class=\"elementor-widget-container\">\n\t\t\t\t\t\t\t\t\t<h2>Warranty<\/h2><p>\u00a0<\/p><p><b>Warranty Statement<\/b><\/p><ol><li><strong>manufacturer's warranty<\/strong><br \/>Additional warranties are provided for Caravan Laken products. The warranty period is 2 years. The warranty is valid from the date of purchase.<br \/>This warranty exists in addition to the statutory liability for defects. This warranty does not limit any statutory claims. The claims arising from this warranty exist independently of the existing statutory liability provisions.<\/li><li><strong>warranty requirements<\/strong><br \/>a) Care and cleaning of fitted sheets and mattress protectors according to the washing instructions on the item or the care instructions in our shop.<br \/>b) Careful handling of the items.<br \/>c) The item must have been ordered from us.<\/li><li><strong>Scope of the warranty<\/strong><br \/>Defects will be checked for functional faults based on your complaint. If possible, these will be repaired or a replacement delivery of a corresponding or similar product will be made.<\/li><li><strong>exclusions<\/strong><br \/>The warranty is excluded in the following cases:<br \/>b) The fitted sheets and mattress protectors were not used as intended.<br \/>c) Normal signs of use or wear and tear<br \/>d) Incorrect temperature during washing and drying.<br \/>e) Use fabric softener when washing the products.<\/li><li><strong>Legal claims<\/strong><br \/>In addition to the rights under this warranty, the consumer is also entitled to their statutory rights. These statutory claims may include legal consequences that are more favorable to the consumer than those under this warranty. The consumer's claims against the seller also remain unaffected by this warranty.<\/li><li><strong>Submission of warranty claims<\/strong><br \/>By telephone at <a href=\"tel:+4917645618143\"><span style=\"color: #000000;\">+49 (0) 157 74 49 89 27<\/span><\/a> or by email to info@caravan-laken.de, stating your first and last name, order number, and date of purchase.<\/li><li><strong>place of performance<\/strong><br \/>The place of performance for all obligations arising from these warranty conditions is the registered office of Caravan Laken.<br \/>(Caravan Laken, owners: Nick &amp; Stephan Hassel, Lindenstr. 19, 46539 Dinslaken).<br \/>The available language is German.<\/li><\/ol>\t\t\t\t\t\t\t\t<\/div>\n\t\t\t\t<\/div>\n\t\t\t\t\t<\/div>\n\t\t<\/div>\n\t\t\t\t\t<\/div>\n\t\t<\/section>\n\t\t\t\t<section class=\"elementor-section elementor-top-section elementor-element elementor-element-b38777a elementor-section-boxed elementor-section-height-default elementor-section-height-default\" data-id=\"b38777a\" data-element_type=\"section\">\n\t\t\t\t\t\t<div class=\"elementor-container elementor-column-gap-default\">\n\t\t\t\t\t<div class=\"elementor-column elementor-col-100 elementor-top-column elementor-element elementor-element-acc09eb\" data-id=\"acc09eb\" data-element_type=\"column\">\n\t\t\t<div class=\"elementor-widget-wrap elementor-element-populated\">\n\t\t\t\t\t\t<div class=\"elementor-element elementor-element-4b9d23c elementor-widget elementor-widget-spacer\" data-id=\"4b9d23c\" data-element_type=\"widget\" data-widget_type=\"spacer.default\">\n\t\t\t\t<div class=\"elementor-widget-container\">\n\t\t\t\t\t\t\t<div class=\"elementor-spacer\">\n\t\t\t<div class=\"elementor-spacer-inner\"><\/div>\n\t\t<\/div>\n\t\t\t\t\t\t<\/div>\n\t\t\t\t<\/div>\n\t\t\t\t\t<\/div>\n\t\t<\/div>\n\t\t\t\t\t<\/div>\n\t\t<\/section>\n\t\t\t\t<\/div>","protected":false},"excerpt":{"rendered":"<p>Garantie \u00a0 Garantie Erkl\u00e4rung HerstellergarantieF\u00fcr Produkte der Caravan Laken werden zus\u00e4tzliche Garantien gew\u00e4hrt. Der Garantiezeitraum betr\u00e4gt 2 Jahre. Die Garantie gilt ab Kaufdatum.Diese Garantie besteht zus\u00e4tzlich zu dem gesetzlichen M\u00e4ngelhaftungsrecht. Eine Begrenzung gesetzlicher Anspr\u00fcche ist mit dieser Garantie nicht verbunden. Die Anspr\u00fcche aus dieser Garantie stehen selbst\u00e4ndig neben den bestehenden gesetzlichen Haftungsvorschriften. Garantievoraussetzungena) Pflege und<\/p>\n<div class=\"klb-readmore button\"><a class=\"btn link\" href=\"https:\/\/caravan-laken.de\/en\/garantiebedingungen\/\">Read More <i class=\"klbth-icon-right-arrow\"><\/i><\/a><\/div>","protected":false},"author":1,"featured_media":0,"parent":0,"menu_order":0,"comment_status":"closed","ping_status":"closed","template":"","meta":{"footnotes":""},"class_list":["post-105090","page","type-page","status-publish","hentry"],"yoast_head":"<!-- This site is optimized with the Yoast SEO plugin v21.6 - https:\/\/yoast.com\/wordpress\/plugins\/seo\/ -->\n<title>Garantie - Caravan Laken<\/title>\n<meta name=\"robots\" content=\"index, follow, max-snippet:-1, max-image-preview:large, max-video-preview:-1\" \/>\n<link rel=\"canonical\" href=\"https:\/\/caravan-laken.de\/en\/garantiebedingungen\/\" \/>\n<meta property=\"og:locale\" content=\"en_US\" \/>\n<meta property=\"og:type\" content=\"article\" \/>\n<meta property=\"og:title\" content=\"Garantie - Caravan Laken\" \/>\n<meta property=\"og:description\" content=\"Garantie \u00a0 Garantie Erkl\u00e4rung HerstellergarantieF\u00fcr Produkte der Caravan Laken werden zus\u00e4tzliche Garantien gew\u00e4hrt. Der Garantiezeitraum betr\u00e4gt 2 Jahre. Die Garantie gilt ab Kaufdatum.Diese Garantie besteht zus\u00e4tzlich zu dem gesetzlichen M\u00e4ngelhaftungsrecht. Eine Begrenzung gesetzlicher Anspr\u00fcche ist mit dieser Garantie nicht verbunden. Die Anspr\u00fcche aus dieser Garantie stehen selbst\u00e4ndig neben den bestehenden gesetzlichen Haftungsvorschriften. Garantievoraussetzungena) Pflege undRead More\" \/>\n<meta property=\"og:url\" content=\"https:\/\/caravan-laken.de\/en\/garantiebedingungen\/\" \/>\n<meta property=\"og:site_name\" content=\"Caravan Laken\" \/>\n<meta property=\"article:modified_time\" content=\"2025-10-26T10:11:58+00:00\" \/>\n<meta name=\"twitter:card\" content=\"summary_large_image\" \/>\n<meta name=\"twitter:label1\" content=\"Est. reading time\" \/>\n\t<meta name=\"twitter:data1\" content=\"2 minutes\" \/>\n<script type=\"application\/ld+json\" class=\"yoast-schema-graph\">{\"@context\":\"https:\/\/schema.org\",\"@graph\":[{\"@type\":\"WebPage\",\"@id\":\"https:\/\/caravan-laken.de\/garantiebedingungen\/\",\"url\":\"https:\/\/caravan-laken.de\/garantiebedingungen\/\",\"name\":\"Garantie - Caravan Laken\",\"isPartOf\":{\"@id\":\"https:\/\/caravan-laken.de\/#website\"},\"datePublished\":\"2019-12-09T12:08:22+00:00\",\"dateModified\":\"2025-10-26T10:11:58+00:00\",\"breadcrumb\":{\"@id\":\"https:\/\/caravan-laken.de\/garantiebedingungen\/#breadcrumb\"},\"inLanguage\":\"en-US\",\"potentialAction\":[{\"@type\":\"ReadAction\",\"target\":[\"https:\/\/caravan-laken.de\/garantiebedingungen\/\"]}]},{\"@type\":\"BreadcrumbList\",\"@id\":\"https:\/\/caravan-laken.de\/garantiebedingungen\/#breadcrumb\",\"itemListElement\":[{\"@type\":\"ListItem\",\"position\":1,\"name\":\"Startseite\",\"item\":\"https:\/\/caravan-laken.de\/\"},{\"@type\":\"ListItem\",\"position\":2,\"name\":\"Garantie\"}]},{\"@type\":\"WebSite\",\"@id\":\"https:\/\/caravan-laken.de\/#website\",\"url\":\"https:\/\/caravan-laken.de\/\",\"name\":\"Suitable4Caravan\",\"description\":\"Spannbettlaken und Matratzenschoner auf Ma\u00df\",\"publisher\":{\"@id\":\"https:\/\/caravan-laken.de\/#organization\"},\"potentialAction\":[{\"@type\":\"SearchAction\",\"target\":{\"@type\":\"EntryPoint\",\"urlTemplate\":\"https:\/\/caravan-laken.de\/?s={search_term_string}\"},\"query-input\":\"required name=search_term_string\"}],\"inLanguage\":\"en-US\"},{\"@type\":\"Organization\",\"@id\":\"https:\/\/caravan-laken.de\/#organization\",\"name\":\"Suitable4Caravan\",\"url\":\"https:\/\/caravan-laken.de\/\",\"logo\":{\"@type\":\"ImageObject\",\"inLanguage\":\"en-US\",\"@id\":\"https:\/\/caravan-laken.de\/#\/schema\/logo\/image\/\",\"url\":\"\",\"contentUrl\":\"\",\"caption\":\"Suitable4Caravan\"},\"image\":{\"@id\":\"https:\/\/caravan-laken.de\/#\/schema\/logo\/image\/\"}}]}<\/script>\n<!-- \/ Yoast SEO plugin. -->","yoast_head_json":{"title":"Garantie - Caravan Laken","robots":{"index":"index","follow":"follow","max-snippet":"max-snippet:-1","max-image-preview":"max-image-preview:large","max-video-preview":"max-video-preview:-1"},"canonical":"https:\/\/caravan-laken.de\/en\/garantiebedingungen\/","og_locale":"en_US","og_type":"article","og_title":"Garantie - Caravan Laken","og_description":"Garantie \u00a0 Garantie Erkl\u00e4rung HerstellergarantieF\u00fcr Produkte der Caravan Laken werden zus\u00e4tzliche Garantien gew\u00e4hrt. Der Garantiezeitraum betr\u00e4gt 2 Jahre. Die Garantie gilt ab Kaufdatum.Diese Garantie besteht zus\u00e4tzlich zu dem gesetzlichen M\u00e4ngelhaftungsrecht. Eine Begrenzung gesetzlicher Anspr\u00fcche ist mit dieser Garantie nicht verbunden. Die Anspr\u00fcche aus dieser Garantie stehen selbst\u00e4ndig neben den bestehenden gesetzlichen Haftungsvorschriften. Garantievoraussetzungena) Pflege undRead More","og_url":"https:\/\/caravan-laken.de\/en\/garantiebedingungen\/","og_site_name":"Caravan Laken","article_modified_time":"2025-10-26T10:11:58+00:00","twitter_card":"summary_large_image","twitter_misc":{"Est. reading time":"2 minutes"},"schema":{"@context":"https:\/\/schema.org","@graph":[{"@type":"WebPage","@id":"https:\/\/caravan-laken.de\/garantiebedingungen\/","url":"https:\/\/caravan-laken.de\/garantiebedingungen\/","name":"Garantie - Caravan Laken","isPartOf":{"@id":"https:\/\/caravan-laken.de\/#website"},"datePublished":"2019-12-09T12:08:22+00:00","dateModified":"2025-10-26T10:11:58+00:00","breadcrumb":{"@id":"https:\/\/caravan-laken.de\/garantiebedingungen\/#breadcrumb"},"inLanguage":"en-US","potentialAction":[{"@type":"ReadAction","target":["https:\/\/caravan-laken.de\/garantiebedingungen\/"]}]},{"@type":"BreadcrumbList","@id":"https:\/\/caravan-laken.de\/garantiebedingungen\/#breadcrumb","itemListElement":[{"@type":"ListItem","position":1,"name":"Startseite","item":"https:\/\/caravan-laken.de\/"},{"@type":"ListItem","position":2,"name":"Garantie"}]},{"@type":"WebSite","@id":"https:\/\/caravan-laken.de\/#website","url":"https:\/\/caravan-laken.de\/","name":"Suitable4Caravan","description":"Spannbettlaken und Matratzenschoner auf Ma\u00df","publisher":{"@id":"https:\/\/caravan-laken.de\/#organization"},"potentialAction":[{"@type":"SearchAction","target":{"@type":"EntryPoint","urlTemplate":"https:\/\/caravan-laken.de\/?s={search_term_string}"},"query-input":"required name=search_term_string"}],"inLanguage":"en-US"},{"@type":"Organization","@id":"https:\/\/caravan-laken.de\/#organization","name":"Suitable4Caravan","url":"https:\/\/caravan-laken.de\/","logo":{"@type":"ImageObject","inLanguage":"en-US","@id":"https:\/\/caravan-laken.de\/#\/schema\/logo\/image\/","url":"","contentUrl":"","caption":"Suitable4Caravan"},"image":{"@id":"https:\/\/caravan-laken.de\/#\/schema\/logo\/image\/"}}]}},"_links":{"self":[{"href":"https:\/\/caravan-laken.de\/en\/wp-json\/wp\/v2\/pages\/105090","targetHints":{"allow":["GET"]}}],"collection":[{"href":"https:\/\/caravan-laken.de\/en\/wp-json\/wp\/v2\/pages"}],"about":[{"href":"https:\/\/caravan-laken.de\/en\/wp-json\/wp\/v2\/types\/page"}],"author":[{"embeddable":true,"href":"https:\/\/caravan-laken.de\/en\/wp-json\/wp\/v2\/users\/1"}],"replies":[{"embeddable":true,"href":"https:\/\/caravan-laken.de\/en\/wp-json\/wp\/v2\/comments?post=105090"}],"version-history":[{"count":16,"href":"https:\/\/caravan-laken.de\/en\/wp-json\/wp\/v2\/pages\/105090\/revisions"}],"predecessor-version":[{"id":252388,"href":"https:\/\/caravan-laken.de\/en\/wp-json\/wp\/v2\/pages\/105090\/revisions\/252388"}],"wp:attachment":[{"href":"https:\/\/caravan-laken.de\/en\/wp-json\/wp\/v2\/media?parent=105090"}],"curies":[{"name":"wp","href":"https:\/\/api.w.org\/{rel}","templated":true}]}}