{"id":252151,"date":"2025-10-18T12:07:36","date_gmt":"2025-10-18T10:07:36","guid":{"rendered":"https:\/\/caravan-laken.de\/?page_id=252151"},"modified":"2025-10-26T10:27:07","modified_gmt":"2025-10-26T09:27:07","slug":"nachhaltigkeit","status":"publish","type":"page","link":"https:\/\/caravan-laken.de\/en\/nachhaltigkeit\/","title":{"rendered":"sustainability"},"content":{"rendered":"<div data-elementor-type=\"wp-page\" data-elementor-id=\"252151\" class=\"elementor elementor-252151\" data-elementor-post-type=\"page\">\n\t\t\t\t\t\t<section class=\"elementor-section elementor-top-section elementor-element elementor-element-9cd8f92 elementor-section-boxed elementor-section-height-default elementor-section-height-default\" data-id=\"9cd8f92\" data-element_type=\"section\">\n\t\t\t\t\t\t<div class=\"elementor-container elementor-column-gap-default\">\n\t\t\t\t\t<div class=\"elementor-column elementor-col-100 elementor-top-column elementor-element elementor-element-e435cee\" data-id=\"e435cee\" data-element_type=\"column\">\n\t\t\t<div class=\"elementor-widget-wrap elementor-element-populated\">\n\t\t\t\t\t\t<div class=\"elementor-element elementor-element-70dd479 elementor-widget elementor-widget-spacer\" data-id=\"70dd479\" data-element_type=\"widget\" data-widget_type=\"spacer.default\">\n\t\t\t\t<div class=\"elementor-widget-container\">\n\t\t\t\t\t\t\t<div class=\"elementor-spacer\">\n\t\t\t<div class=\"elementor-spacer-inner\"><\/div>\n\t\t<\/div>\n\t\t\t\t\t\t<\/div>\n\t\t\t\t<\/div>\n\t\t\t\t\t<\/div>\n\t\t<\/div>\n\t\t\t\t\t<\/div>\n\t\t<\/section>\n\t\t\t\t<section class=\"elementor-section elementor-top-section elementor-element elementor-element-a77a89a elementor-section-boxed elementor-section-height-default elementor-section-height-default\" data-id=\"a77a89a\" data-element_type=\"section\">\n\t\t\t\t\t\t<div class=\"elementor-container elementor-column-gap-default\">\n\t\t\t\t\t<div class=\"elementor-column elementor-col-100 elementor-top-column elementor-element elementor-element-54f1357\" data-id=\"54f1357\" data-element_type=\"column\">\n\t\t\t<div class=\"elementor-widget-wrap elementor-element-populated\">\n\t\t\t\t\t\t<div class=\"elementor-element elementor-element-95c6833 elementor-widget elementor-widget-text-editor\" data-id=\"95c6833\" data-element_type=\"widget\" data-widget_type=\"text-editor.default\">\n\t\t\t\t<div class=\"elementor-widget-container\">\n\t\t\t\t\t\t\t\t\t<h3 data-start=\"274\" data-end=\"312\">Sustainability at Caravan Laken<\/h3><p data-start=\"313\" data-end=\"367\"><strong data-start=\"313\" data-end=\"367\">Act responsibly\u2014for people, vehicles, and the environment.<\/strong><\/p><p data-start=\"369\" data-end=\"600\">For us, sustainability isn't just a trend\u2014it's a way of life. At <strong data-start=\"434\" data-end=\"451\">Caravan Laken<\/strong> We prioritize durable quality over disposable products\u2014because if you want to be free on the go, you should also take responsibility for the environment.<\/p><p data-start=\"602\" data-end=\"923\">Our fitted sheets and mattress protectors are made from <strong data-start=\"656\" data-end=\"705\">high-quality, non-toxic materials<\/strong> manufactured in a way that not only feels comfortable against the skin but is also exceptionally durable. This means less wear and tear, less need for replacement\u2014and thus less consumption of resources.<\/p><p data-start=\"602\" data-end=\"923\">\u00a0<\/p><p data-start=\"925\" data-end=\"1267\"><strong data-start=\"925\" data-end=\"989\">For us, durability is the best form of sustainability.<\/strong><br data-start=\"989\" data-end=\"992\" \/>Instead of cheap, mass-produced items that need to be replaced quickly, we offer custom-made products that will serve you reliably for many years. Because they are made to measure, our covers fit perfectly\u2014this eliminates the need for constant readjustment and helps the fabric retain its shape longer.<\/p><p data-start=\"1269\" data-end=\"1524\"><strong data-start=\"1269\" data-end=\"1307\">Local production &amp; short supply chains.<\/strong><br data-start=\"1307\" data-end=\"1310\" \/>Our products are manufactured with great care and under fair conditions. Whenever possible, we work with partners who prioritize environmentally friendly manufacturing processes and short supply chains.<\/p><p data-start=\"1526\" data-end=\"1705\"><strong data-start=\"1526\" data-end=\"1551\">Sustainable shipping.<\/strong><br data-start=\"1551\" data-end=\"1554\" \/>We also prioritize eco-friendliness in our shipping practices\u2014by using packaging that is as plastic-free as possible and by partnering with shipping providers that have reduced their carbon footprint.<\/p><p data-start=\"1712\" data-end=\"1957\"><strong data-start=\"1712\" data-end=\"1727\">Our goal:<\/strong> We want to offer you products that are not only comfortable and beautiful\u2014but can also be used with a clear conscience. Sustainability starts with small decisions\u2014and we\u2019d be delighted if you\u2019d join us on this journey.<\/p>\t\t\t\t\t\t\t\t<\/div>\n\t\t\t\t<\/div>\n\t\t\t\t\t<\/div>\n\t\t<\/div>\n\t\t\t\t\t<\/div>\n\t\t<\/section>\n\t\t\t\t<section class=\"elementor-section elementor-top-section elementor-element elementor-element-65251d1 elementor-section-boxed elementor-section-height-default elementor-section-height-default\" data-id=\"65251d1\" data-element_type=\"section\">\n\t\t\t\t\t\t<div class=\"elementor-container elementor-column-gap-default\">\n\t\t\t\t\t<div class=\"elementor-column elementor-col-100 elementor-top-column elementor-element elementor-element-b2e4087\" data-id=\"b2e4087\" data-element_type=\"column\">\n\t\t\t<div class=\"elementor-widget-wrap elementor-element-populated\">\n\t\t\t\t\t\t<div class=\"elementor-element elementor-element-cf95241 elementor-widget elementor-widget-spacer\" data-id=\"cf95241\" data-element_type=\"widget\" data-widget_type=\"spacer.default\">\n\t\t\t\t<div class=\"elementor-widget-container\">\n\t\t\t\t\t\t\t<div class=\"elementor-spacer\">\n\t\t\t<div class=\"elementor-spacer-inner\"><\/div>\n\t\t<\/div>\n\t\t\t\t\t\t<\/div>\n\t\t\t\t<\/div>\n\t\t\t\t\t<\/div>\n\t\t<\/div>\n\t\t\t\t\t<\/div>\n\t\t<\/section>\n\t\t\t\t<\/div>","protected":false},"excerpt":{"rendered":"<p>Nachhaltigkeit bei Caravan Laken Bewusst handeln \u2013 f\u00fcr Mensch, Fahrzeug und Umwelt. Nachhaltigkeit ist f\u00fcr uns kein Trend, sondern eine Haltung. Bei Caravan Laken setzen wir auf langlebige Qualit\u00e4t statt Wegwerfprodukte \u2013 denn wer unterwegs frei sein will, sollte auch Verantwortung f\u00fcr seine Umwelt \u00fcbernehmen. Unsere Spannbettlaken und Matratzenschoner werden aus hochwertigen, schadstoffgepr\u00fcften Materialien gefertigt,<\/p>\n<div class=\"klb-readmore button\"><a class=\"btn link\" href=\"https:\/\/caravan-laken.de\/en\/nachhaltigkeit\/\">Read More <i class=\"klbth-icon-right-arrow\"><\/i><\/a><\/div>","protected":false},"author":1,"featured_media":0,"parent":0,"menu_order":0,"comment_status":"closed","ping_status":"closed","template":"","meta":{"footnotes":""},"class_list":["post-252151","page","type-page","status-publish","hentry"],"yoast_head":"<!-- This site is optimized with the Yoast SEO plugin v21.6 - https:\/\/yoast.com\/wordpress\/plugins\/seo\/ -->\n<title>Nachhaltigkeit - Caravan Laken<\/title>\n<meta name=\"robots\" content=\"index, follow, max-snippet:-1, max-image-preview:large, max-video-preview:-1\" \/>\n<link rel=\"canonical\" href=\"https:\/\/caravan-laken.de\/en\/nachhaltigkeit\/\" \/>\n<meta property=\"og:locale\" content=\"en_US\" \/>\n<meta property=\"og:type\" content=\"article\" \/>\n<meta property=\"og:title\" content=\"Nachhaltigkeit - Caravan Laken\" \/>\n<meta property=\"og:description\" content=\"Nachhaltigkeit bei Caravan Laken Bewusst handeln \u2013 f\u00fcr Mensch, Fahrzeug und Umwelt. Nachhaltigkeit ist f\u00fcr uns kein Trend, sondern eine Haltung. Bei Caravan Laken setzen wir auf langlebige Qualit\u00e4t statt Wegwerfprodukte \u2013 denn wer unterwegs frei sein will, sollte auch Verantwortung f\u00fcr seine Umwelt \u00fcbernehmen. Unsere Spannbettlaken und Matratzenschoner werden aus hochwertigen, schadstoffgepr\u00fcften Materialien gefertigt,Read More\" \/>\n<meta property=\"og:url\" content=\"https:\/\/caravan-laken.de\/en\/nachhaltigkeit\/\" \/>\n<meta property=\"og:site_name\" content=\"Caravan Laken\" \/>\n<meta property=\"article:modified_time\" content=\"2025-10-26T09:27:07+00:00\" \/>\n<meta name=\"twitter:card\" content=\"summary_large_image\" \/>\n<meta name=\"twitter:label1\" content=\"Est. reading time\" \/>\n\t<meta name=\"twitter:data1\" content=\"1 minute\" \/>\n<script type=\"application\/ld+json\" class=\"yoast-schema-graph\">{\"@context\":\"https:\/\/schema.org\",\"@graph\":[{\"@type\":\"WebPage\",\"@id\":\"https:\/\/caravan-laken.de\/nachhaltigkeit\/\",\"url\":\"https:\/\/caravan-laken.de\/nachhaltigkeit\/\",\"name\":\"Nachhaltigkeit - Caravan Laken\",\"isPartOf\":{\"@id\":\"https:\/\/caravan-laken.de\/#website\"},\"datePublished\":\"2025-10-18T10:07:36+00:00\",\"dateModified\":\"2025-10-26T09:27:07+00:00\",\"breadcrumb\":{\"@id\":\"https:\/\/caravan-laken.de\/nachhaltigkeit\/#breadcrumb\"},\"inLanguage\":\"en-US\",\"potentialAction\":[{\"@type\":\"ReadAction\",\"target\":[\"https:\/\/caravan-laken.de\/nachhaltigkeit\/\"]}]},{\"@type\":\"BreadcrumbList\",\"@id\":\"https:\/\/caravan-laken.de\/nachhaltigkeit\/#breadcrumb\",\"itemListElement\":[{\"@type\":\"ListItem\",\"position\":1,\"name\":\"Startseite\",\"item\":\"https:\/\/caravan-laken.de\/\"},{\"@type\":\"ListItem\",\"position\":2,\"name\":\"Nachhaltigkeit\"}]},{\"@type\":\"WebSite\",\"@id\":\"https:\/\/caravan-laken.de\/#website\",\"url\":\"https:\/\/caravan-laken.de\/\",\"name\":\"Suitable4Caravan\",\"description\":\"Spannbettlaken und Matratzenschoner auf Ma\u00df\",\"publisher\":{\"@id\":\"https:\/\/caravan-laken.de\/#organization\"},\"potentialAction\":[{\"@type\":\"SearchAction\",\"target\":{\"@type\":\"EntryPoint\",\"urlTemplate\":\"https:\/\/caravan-laken.de\/?s={search_term_string}\"},\"query-input\":\"required name=search_term_string\"}],\"inLanguage\":\"en-US\"},{\"@type\":\"Organization\",\"@id\":\"https:\/\/caravan-laken.de\/#organization\",\"name\":\"Suitable4Caravan\",\"url\":\"https:\/\/caravan-laken.de\/\",\"logo\":{\"@type\":\"ImageObject\",\"inLanguage\":\"en-US\",\"@id\":\"https:\/\/caravan-laken.de\/#\/schema\/logo\/image\/\",\"url\":\"\",\"contentUrl\":\"\",\"caption\":\"Suitable4Caravan\"},\"image\":{\"@id\":\"https:\/\/caravan-laken.de\/#\/schema\/logo\/image\/\"}}]}<\/script>\n<!-- \/ Yoast SEO plugin. -->","yoast_head_json":{"title":"Nachhaltigkeit - Caravan Laken","robots":{"index":"index","follow":"follow","max-snippet":"max-snippet:-1","max-image-preview":"max-image-preview:large","max-video-preview":"max-video-preview:-1"},"canonical":"https:\/\/caravan-laken.de\/en\/nachhaltigkeit\/","og_locale":"en_US","og_type":"article","og_title":"Nachhaltigkeit - Caravan Laken","og_description":"Nachhaltigkeit bei Caravan Laken Bewusst handeln \u2013 f\u00fcr Mensch, Fahrzeug und Umwelt. Nachhaltigkeit ist f\u00fcr uns kein Trend, sondern eine Haltung. Bei Caravan Laken setzen wir auf langlebige Qualit\u00e4t statt Wegwerfprodukte \u2013 denn wer unterwegs frei sein will, sollte auch Verantwortung f\u00fcr seine Umwelt \u00fcbernehmen. Unsere Spannbettlaken und Matratzenschoner werden aus hochwertigen, schadstoffgepr\u00fcften Materialien gefertigt,Read More","og_url":"https:\/\/caravan-laken.de\/en\/nachhaltigkeit\/","og_site_name":"Caravan Laken","article_modified_time":"2025-10-26T09:27:07+00:00","twitter_card":"summary_large_image","twitter_misc":{"Est. reading time":"1 minute"},"schema":{"@context":"https:\/\/schema.org","@graph":[{"@type":"WebPage","@id":"https:\/\/caravan-laken.de\/nachhaltigkeit\/","url":"https:\/\/caravan-laken.de\/nachhaltigkeit\/","name":"Nachhaltigkeit - Caravan Laken","isPartOf":{"@id":"https:\/\/caravan-laken.de\/#website"},"datePublished":"2025-10-18T10:07:36+00:00","dateModified":"2025-10-26T09:27:07+00:00","breadcrumb":{"@id":"https:\/\/caravan-laken.de\/nachhaltigkeit\/#breadcrumb"},"inLanguage":"en-US","potentialAction":[{"@type":"ReadAction","target":["https:\/\/caravan-laken.de\/nachhaltigkeit\/"]}]},{"@type":"BreadcrumbList","@id":"https:\/\/caravan-laken.de\/nachhaltigkeit\/#breadcrumb","itemListElement":[{"@type":"ListItem","position":1,"name":"Startseite","item":"https:\/\/caravan-laken.de\/"},{"@type":"ListItem","position":2,"name":"Nachhaltigkeit"}]},{"@type":"WebSite","@id":"https:\/\/caravan-laken.de\/#website","url":"https:\/\/caravan-laken.de\/","name":"Suitable4Caravan","description":"Spannbettlaken und Matratzenschoner auf Ma\u00df","publisher":{"@id":"https:\/\/caravan-laken.de\/#organization"},"potentialAction":[{"@type":"SearchAction","target":{"@type":"EntryPoint","urlTemplate":"https:\/\/caravan-laken.de\/?s={search_term_string}"},"query-input":"required name=search_term_string"}],"inLanguage":"en-US"},{"@type":"Organization","@id":"https:\/\/caravan-laken.de\/#organization","name":"Suitable4Caravan","url":"https:\/\/caravan-laken.de\/","logo":{"@type":"ImageObject","inLanguage":"en-US","@id":"https:\/\/caravan-laken.de\/#\/schema\/logo\/image\/","url":"","contentUrl":"","caption":"Suitable4Caravan"},"image":{"@id":"https:\/\/caravan-laken.de\/#\/schema\/logo\/image\/"}}]}},"_links":{"self":[{"href":"https:\/\/caravan-laken.de\/en\/wp-json\/wp\/v2\/pages\/252151","targetHints":{"allow":["GET"]}}],"collection":[{"href":"https:\/\/caravan-laken.de\/en\/wp-json\/wp\/v2\/pages"}],"about":[{"href":"https:\/\/caravan-laken.de\/en\/wp-json\/wp\/v2\/types\/page"}],"author":[{"embeddable":true,"href":"https:\/\/caravan-laken.de\/en\/wp-json\/wp\/v2\/users\/1"}],"replies":[{"embeddable":true,"href":"https:\/\/caravan-laken.de\/en\/wp-json\/wp\/v2\/comments?post=252151"}],"version-history":[{"count":14,"href":"https:\/\/caravan-laken.de\/en\/wp-json\/wp\/v2\/pages\/252151\/revisions"}],"predecessor-version":[{"id":252354,"href":"https:\/\/caravan-laken.de\/en\/wp-json\/wp\/v2\/pages\/252151\/revisions\/252354"}],"wp:attachment":[{"href":"https:\/\/caravan-laken.de\/en\/wp-json\/wp\/v2\/media?parent=252151"}],"curies":[{"name":"wp","href":"https:\/\/api.w.org\/{rel}","templated":true}]}}