{"id":4405,"date":"2019-06-07T16:56:12","date_gmt":"2019-06-07T14:56:12","guid":{"rendered":"https:\/\/style4caravan.de\/?page_id=4405"},"modified":"2026-05-06T20:04:13","modified_gmt":"2026-05-06T18:04:13","slug":"aufmass-service-nrw","status":"publish","type":"page","link":"https:\/\/caravan-laken.de\/en\/aufmass-service-nrw\/","title":{"rendered":"I can't find my model"},"content":{"rendered":"<div data-elementor-type=\"wp-page\" data-elementor-id=\"4405\" class=\"elementor elementor-4405\" data-elementor-post-type=\"page\">\n\t\t\t\t<section class=\"elementor-section elementor-top-section elementor-element elementor-element-91411e4 elementor-section-boxed elementor-section-height-default elementor-section-height-default\" data-id=\"91411e4\" data-element_type=\"section\">\n\t\t\t\t\t\t<div class=\"elementor-container elementor-column-gap-default\">\n\t\t\t\t\t<div class=\"elementor-column elementor-col-100 elementor-top-column elementor-element elementor-element-ed53781\" data-id=\"ed53781\" data-element_type=\"column\">\n\t\t\t<div class=\"elementor-widget-wrap elementor-element-populated\">\n\t\t\t\t\t\t<div class=\"elementor-element elementor-element-24645b2 elementor-widget elementor-widget-spacer\" data-id=\"24645b2\" data-element_type=\"widget\" data-widget_type=\"spacer.default\">\n\t\t\t\t<div class=\"elementor-widget-container\">\n\t\t\t\t\t\t\t<div class=\"elementor-spacer\">\n\t\t\t<div class=\"elementor-spacer-inner\"><\/div>\n\t\t<\/div>\n\t\t\t\t\t\t<\/div>\n\t\t\t\t<\/div>\n\t\t\t\t\t<\/div>\n\t\t<\/div>\n\t\t\t\t\t<\/div>\n\t\t<\/section>\n\t\t\t\t<section class=\"elementor-section elementor-top-section elementor-element elementor-element-1a67535 elementor-section-boxed elementor-section-height-default elementor-section-height-default\" data-id=\"1a67535\" data-element_type=\"section\">\n\t\t\t\t\t\t<div class=\"elementor-container elementor-column-gap-default\">\n\t\t\t\t\t<div class=\"elementor-column elementor-col-100 elementor-top-column elementor-element elementor-element-10e72e86\" data-id=\"10e72e86\" data-element_type=\"column\">\n\t\t\t<div class=\"elementor-widget-wrap elementor-element-populated\">\n\t\t\t\t\t\t<div class=\"elementor-element elementor-element-5e194627 elementor-widget elementor-widget-text-editor\" data-id=\"5e194627\" data-element_type=\"widget\" data-widget_type=\"text-editor.default\">\n\t\t\t\t<div class=\"elementor-widget-container\"><h3 style=\"text-align: center;\" data-start=\"0\" data-end=\"71\">Your<strong data-start=\"0\" data-end=\"69\"> Modell ist nicht dabei? Wir pr\u00fcfen es f\u00fcr dich!<\/strong><\/h3>\n<p>\u00a0<\/p>\n<p style=\"text-align: center;\" data-start=\"73\" data-end=\"396\"><strong data-start=\"73\" data-end=\"174\">Nicht jedes Wohnwagen- oder Reisemobilmodell ist bereits online ausw\u00e4hlbar.<br data-start=\"4075\" data-end=\"4078\" \/>Schick uns einfach Hersteller, Modell und Baujahr \u2013 wir pr\u00fcfen, ob wir ein passendes Spannbettlaken oder einen Matratzenschoner f\u00fcr dich anfertigen k\u00f6nnen.<\/strong><\/p>\n<p data-start=\"73\" data-end=\"396\">\u00a0<\/p>\n<div id=\"wp-block-themeisle-blocks-advanced-columns-40db0924\" class=\"wp-block-themeisle-blocks-advanced-columns alignfull has-2-columns has-desktop-equal-layout has-tablet-equal-layout has-mobile-collapsedRows-layout has-vertical-top ticss-c00aadba\">\n<div class=\"innerblocks-wrap\">\u00a0<\/div>\n<\/div>\n<!-- \/wp:paragraph -->\t\t\t\t\t\t\t\t<\/div>\n\t\t\t\t<\/div>\n\t\t\t\t\t<\/div>\n\t\t<\/div>\n\t\t\t\t\t<\/div>\n\t\t<\/section>\n\t\t\t\t<section class=\"elementor-section elementor-top-section elementor-element elementor-element-c2f4434 elementor-section-boxed elementor-section-height-default elementor-section-height-default\" data-id=\"c2f4434\" data-element_type=\"section\">\n\t\t\t\t\t\t<div class=\"elementor-container elementor-column-gap-default\">\n\t\t\t\t\t<div class=\"elementor-column elementor-col-50 elementor-top-column elementor-element elementor-element-63723d1\" data-id=\"63723d1\" data-element_type=\"column\">\n\t\t\t<div class=\"elementor-widget-wrap elementor-element-populated\">\n\t\t\t\t\t\t<div class=\"elementor-element elementor-element-226c340 elementor-widget elementor-widget-text-editor\" data-id=\"226c340\" data-element_type=\"widget\" data-widget_type=\"text-editor.default\">\n\t\t\t\t<div class=\"elementor-widget-container\">\n\t\t\t\t\t\t\t\t\t<p data-start=\"398\" data-end=\"422\"><strong>So einfach geht&#8217;s:<br \/><br \/><\/strong><\/p>\n<ol data-start=\"423\" data-end=\"601\">\n<li data-start=\"423\" data-end=\"475\">\n<p data-start=\"426\" data-end=\"475\"><strong data-start=\"426\" data-end=\"447\">Fahrzeugdaten senden<br \/><\/strong>Hersteller, Modell, Baujahr und gew\u00fcnschtes Produkt nennen.<\/p>\n<\/li>\n<li data-start=\"476\" data-end=\"542\">\n<p data-start=\"479\" data-end=\"542\"><strong data-start=\"479\" data-end=\"504\">Wir pr\u00fcfen die Passform<\/strong>\u00a0<br \/>Falls n\u00f6tig, fragen wir pers\u00f6nlich nach.<\/p>\n<\/li>\n<li data-start=\"543\" data-end=\"601\">\n<p data-start=\"546\" data-end=\"601\"><strong data-start=\"546\" data-end=\"566\">R\u00fcckmeldung erhalten<\/strong>\u00a0<br \/>Du bekommst eine pers\u00f6nliche Antwort mit der passenden M\u00f6glichkeit.<\/p>\n<\/li>\n<\/ol>\n<div id=\"wp-block-themeisle-blocks-advanced-columns-40db0924\" class=\"wp-block-themeisle-blocks-advanced-columns alignfull has-2-columns has-desktop-equal-layout has-tablet-equal-layout has-mobile-collapsedRows-layout has-vertical-top ticss-c00aadba\">\n<div class=\"innerblocks-wrap\">\u00a0<\/div>\n<\/div>\t\t\t\t\t\t\t\t<\/div>\n\t\t\t\t<\/div>\n\t\t\t\t\t<\/div>\n\t\t<\/div>\n\t\t\t\t<div class=\"elementor-column elementor-col-50 elementor-top-column elementor-element elementor-element-3d13c5c\" data-id=\"3d13c5c\" data-element_type=\"column\">\n\t\t\t<div class=\"elementor-widget-wrap elementor-element-populated\">\n\t\t\t\t\t\t<div class=\"elementor-element elementor-element-6599fa4 elementor-widget elementor-widget-text-editor\" data-id=\"6599fa4\" data-element_type=\"widget\" data-widget_type=\"text-editor.default\">\n\t\t\t\t<div class=\"elementor-widget-container\">\n\t\t\t\t\t\t\t\t\t\n<div class=\"wpcf7 no-js\" id=\"wpcf7-f252453-o1\" lang=\"de-DE\" dir=\"ltr\">\n<div class=\"screen-reader-response\"><p role=\"status\" aria-live=\"polite\" aria-atomic=\"true\"><\/p> <ul><\/ul><\/div>\n<form action=\"\/en\/wp-json\/wp\/v2\/pages\/4405#wpcf7-f252453-o1\" method=\"post\" class=\"wpcf7-form init wpcf7-acceptance-as-validation\" aria-label=\"contact form\" novalidate=\"novalidate\" data-status=\"init\" data-trp-original-action=\"\/en\/wp-json\/wp\/v2\/pages\/4405#wpcf7-f252453-o1\">\n<div style=\"display: none;\">\n<input type=\"hidden\" name=\"_wpcf7\" value=\"252453\" \/>\n<input type=\"hidden\" name=\"_wpcf7_version\" value=\"5.8.4\" \/>\n<input type=\"hidden\" name=\"_wpcf7_locale\" value=\"de_DE_formal\" \/>\n<input type=\"hidden\" name=\"_wpcf7_unit_tag\" value=\"wpcf7-f252453-o1\" \/>\n<input type=\"hidden\" name=\"_wpcf7_container_post\" value=\"0\" \/>\n<input type=\"hidden\" name=\"_wpcf7_posted_data_hash\" value=\"\" \/>\n<\/div>\n<div class=\"row\">\n\n <!-- Name -->\n\t<div class=\"col-12 col-lg-6 mb-3\">\n\t\t<p><label for=\"your-name\">Your name *<\/label><br \/>\n<span class=\"wpcf7-form-control-wrap\" data-name=\"your-name\"><input size=\"40\" class=\"wpcf7-form-control wpcf7-text wpcf7-validates-as-required form-control\" id=\"your-name\" aria-required=\"true\" aria-invalid=\"false\" placeholder=\"John Doe\" value=\"\" type=\"text\" name=\"your-name\" \/><\/span>\n\t\t<\/p>\n\t<\/div>\n\n <!-- E-Mail -->\n\t<div class=\"col-12 col-lg-6 mb-3\">\n\t\t<p><label for=\"your-email\">Your email address *<\/label><br \/>\n<span class=\"wpcf7-form-control-wrap\" data-name=\"your-email\"><input size=\"40\" class=\"wpcf7-form-control wpcf7-email wpcf7-validates-as-required wpcf7-text wpcf7-validates-as-email form-control\" id=\"your-email\" aria-required=\"true\" aria-invalid=\"false\" placeholder=\"john.doe@gmail.com\" value=\"\" type=\"email\" name=\"your-email\" \/><\/span>\n\t\t<\/p>\n\t<\/div>\n\n <!-- Betreff -->\n\t<div class=\"col-12 col-lg-12 mb-3\">\n\t\t<p><label for=\"your-subject\">Fahrzeugmodell \/ Betreff *<\/label><br \/>\n<span class=\"wpcf7-form-control-wrap\" data-name=\"your-subject\"><input size=\"40\" class=\"wpcf7-form-control wpcf7-text wpcf7-validates-as-required form-control\" id=\"your-subject\" aria-required=\"true\" aria-invalid=\"false\" placeholder=\"z.\u202fB. Hobby Excellent 460 UFe, Baujahr 2026\" value=\"\" type=\"text\" name=\"your-subject\" \/><\/span>\n\t\t<\/p>\n\t<\/div>\n\n <!-- Nachricht -->\n\t<div class=\"col-12 col-lg-12 mb-3\">\n\t\t<p><label for=\"your-message\">Your message*<\/label><br \/>\n<span class=\"wpcf7-form-control-wrap\" data-name=\"textarea-171\"><textarea cols=\"40\" rows=\"10\" class=\"wpcf7-form-control wpcf7-textarea wpcf7-validates-as-required\" aria-required=\"true\" aria-invalid=\"false\" placeholder=\"Welches Produkt suchst du? Spannbettlaken, Matratzenschoner oder beides?\" name=\"textarea-171\"><\/textarea><\/span>\n\t\t<\/p>\n\t<\/div>\n\n <!-- DSGVO-Zustimmung -->\n\t<div class=\"col-12 col-lg-12\">\n\t\t<p><span class=\"wpcf7-form-control-wrap\" data-name=\"acceptance-945\"><span class=\"wpcf7-form-control wpcf7-acceptance\"><span class=\"wpcf7-list-item\"><label><input type=\"checkbox\" name=\"acceptance-945\" value=\"1\" aria-invalid=\"false\" \/><span class=\"wpcf7-list-item-label\">Ich stimme zu, dass meine Angaben zur Bearbeitung meiner Anfrage verwendet werden.  \n<br\/>Weitere Informationen findest du in der <a href=\"\/en\/datenschutzerklaerung\/\" target=\"_blank\">Privacy Policy<\/a>.<\/span><\/label><\/span><\/span><\/span>\n\t\t<\/p>\n\t<\/div>\n\n <!-- Submit Button -->\n\t<div class=\"col-12 col-lg-12\">\n\t\t<p><input class=\"wpcf7-form-control wpcf7-submit has-spinner btn btn-primary\" type=\"submit\" value=\"Modell pr\u00fcfen lassen\" \/>\n\t\t<\/p>\n\t<\/div>\n<\/div><div class=\"wpcf7-response-output\" aria-hidden=\"true\"><\/div>\n<input type=\"hidden\" name=\"trp-form-language\" value=\"en\"\/><\/form>\n<\/div>\n\t\t\t\t\t\t\t\t<\/div>\n\t\t\t\t<\/div>\n\t\t\t\t\t<\/div>\n\t\t<\/div>\n\t\t\t\t\t<\/div>\n\t\t<\/section>\t\t<\/div>","protected":false},"excerpt":{"rendered":"<p>Dein Modell ist nicht dabei? Wir pr\u00fcfen es f\u00fcr dich! \u00a0 Nicht jedes Wohnwagen- oder Reisemobilmodell ist bereits online ausw\u00e4hlbar.Schick uns einfach Hersteller, Modell und Baujahr \u2013 wir pr\u00fcfen, ob wir ein passendes Spannbettlaken oder einen Matratzenschoner f\u00fcr dich anfertigen k\u00f6nnen. \u00a0 \u00a0 So einfach geht&#8217;s: Fahrzeugdaten sendenHersteller, Modell, Baujahr und gew\u00fcnschtes Produkt nennen. Wir<\/p>\n<div class=\"klb-readmore button\"><a class=\"btn link\" href=\"https:\/\/caravan-laken.de\/en\/aufmass-service-nrw\/\">Read More <i class=\"klbth-icon-right-arrow\"><\/i><\/a><\/div>","protected":false},"author":1,"featured_media":0,"parent":0,"menu_order":0,"comment_status":"closed","ping_status":"closed","template":"","meta":{"footnotes":""},"class_list":["post-4405","page","type-page","status-publish","hentry"],"yoast_head":"<!-- This site is optimized with the Yoast SEO plugin v21.6 - https:\/\/yoast.com\/wordpress\/plugins\/seo\/ -->\n<title>Ich finde mein Modell nicht - Caravan Laken<\/title>\n<meta name=\"robots\" content=\"index, follow, max-snippet:-1, max-image-preview:large, max-video-preview:-1\" \/>\n<link rel=\"canonical\" href=\"https:\/\/caravan-laken.de\/en\/aufmass-service-nrw\/\" \/>\n<meta property=\"og:locale\" content=\"en_US\" \/>\n<meta property=\"og:type\" content=\"article\" \/>\n<meta property=\"og:title\" content=\"Ich finde mein Modell nicht - Caravan Laken\" \/>\n<meta property=\"og:description\" content=\"Dein Modell ist nicht dabei? Wir pr\u00fcfen es f\u00fcr dich! \u00a0 Nicht jedes Wohnwagen- oder Reisemobilmodell ist bereits online ausw\u00e4hlbar.Schick uns einfach Hersteller, Modell und Baujahr \u2013 wir pr\u00fcfen, ob wir ein passendes Spannbettlaken oder einen Matratzenschoner f\u00fcr dich anfertigen k\u00f6nnen. \u00a0 \u00a0 So einfach geht&#8217;s: Fahrzeugdaten sendenHersteller, Modell, Baujahr und gew\u00fcnschtes Produkt nennen. WirRead More\" \/>\n<meta property=\"og:url\" content=\"https:\/\/caravan-laken.de\/en\/aufmass-service-nrw\/\" \/>\n<meta property=\"og:site_name\" content=\"Caravan Laken\" \/>\n<meta property=\"article:modified_time\" content=\"2026-05-06T18:04:13+00:00\" \/>\n<meta name=\"twitter:card\" content=\"summary_large_image\" \/>\n<meta name=\"twitter:label1\" content=\"Est. reading time\" \/>\n\t<meta name=\"twitter:data1\" content=\"1 minute\" \/>\n<script type=\"application\/ld+json\" class=\"yoast-schema-graph\">{\"@context\":\"https:\/\/schema.org\",\"@graph\":[{\"@type\":\"WebPage\",\"@id\":\"https:\/\/caravan-laken.de\/aufmass-service-nrw\/\",\"url\":\"https:\/\/caravan-laken.de\/aufmass-service-nrw\/\",\"name\":\"Ich finde mein Modell nicht - Caravan Laken\",\"isPartOf\":{\"@id\":\"https:\/\/caravan-laken.de\/#website\"},\"datePublished\":\"2019-06-07T14:56:12+00:00\",\"dateModified\":\"2026-05-06T18:04:13+00:00\",\"breadcrumb\":{\"@id\":\"https:\/\/caravan-laken.de\/aufmass-service-nrw\/#breadcrumb\"},\"inLanguage\":\"en-US\",\"potentialAction\":[{\"@type\":\"ReadAction\",\"target\":[\"https:\/\/caravan-laken.de\/aufmass-service-nrw\/\"]}]},{\"@type\":\"BreadcrumbList\",\"@id\":\"https:\/\/caravan-laken.de\/aufmass-service-nrw\/#breadcrumb\",\"itemListElement\":[{\"@type\":\"ListItem\",\"position\":1,\"name\":\"Startseite\",\"item\":\"https:\/\/caravan-laken.de\/\"},{\"@type\":\"ListItem\",\"position\":2,\"name\":\"Ich finde mein Modell nicht\"}]},{\"@type\":\"WebSite\",\"@id\":\"https:\/\/caravan-laken.de\/#website\",\"url\":\"https:\/\/caravan-laken.de\/\",\"name\":\"Suitable4Caravan\",\"description\":\"Spannbettlaken und Matratzenschoner auf Ma\u00df\",\"publisher\":{\"@id\":\"https:\/\/caravan-laken.de\/#organization\"},\"potentialAction\":[{\"@type\":\"SearchAction\",\"target\":{\"@type\":\"EntryPoint\",\"urlTemplate\":\"https:\/\/caravan-laken.de\/?s={search_term_string}\"},\"query-input\":\"required name=search_term_string\"}],\"inLanguage\":\"en-US\"},{\"@type\":\"Organization\",\"@id\":\"https:\/\/caravan-laken.de\/#organization\",\"name\":\"Suitable4Caravan\",\"url\":\"https:\/\/caravan-laken.de\/\",\"logo\":{\"@type\":\"ImageObject\",\"inLanguage\":\"en-US\",\"@id\":\"https:\/\/caravan-laken.de\/#\/schema\/logo\/image\/\",\"url\":\"\",\"contentUrl\":\"\",\"caption\":\"Suitable4Caravan\"},\"image\":{\"@id\":\"https:\/\/caravan-laken.de\/#\/schema\/logo\/image\/\"}}]}<\/script>\n<!-- \/ Yoast SEO plugin. -->","yoast_head_json":{"title":"Ich finde mein Modell nicht - Caravan Laken","robots":{"index":"index","follow":"follow","max-snippet":"max-snippet:-1","max-image-preview":"max-image-preview:large","max-video-preview":"max-video-preview:-1"},"canonical":"https:\/\/caravan-laken.de\/en\/aufmass-service-nrw\/","og_locale":"en_US","og_type":"article","og_title":"Ich finde mein Modell nicht - Caravan Laken","og_description":"Dein Modell ist nicht dabei? Wir pr\u00fcfen es f\u00fcr dich! \u00a0 Nicht jedes Wohnwagen- oder Reisemobilmodell ist bereits online ausw\u00e4hlbar.Schick uns einfach Hersteller, Modell und Baujahr \u2013 wir pr\u00fcfen, ob wir ein passendes Spannbettlaken oder einen Matratzenschoner f\u00fcr dich anfertigen k\u00f6nnen. \u00a0 \u00a0 So einfach geht&#8217;s: Fahrzeugdaten sendenHersteller, Modell, Baujahr und gew\u00fcnschtes Produkt nennen. WirRead More","og_url":"https:\/\/caravan-laken.de\/en\/aufmass-service-nrw\/","og_site_name":"Caravan Laken","article_modified_time":"2026-05-06T18:04:13+00:00","twitter_card":"summary_large_image","twitter_misc":{"Est. reading time":"1 minute"},"schema":{"@context":"https:\/\/schema.org","@graph":[{"@type":"WebPage","@id":"https:\/\/caravan-laken.de\/aufmass-service-nrw\/","url":"https:\/\/caravan-laken.de\/aufmass-service-nrw\/","name":"Ich finde mein Modell nicht - Caravan Laken","isPartOf":{"@id":"https:\/\/caravan-laken.de\/#website"},"datePublished":"2019-06-07T14:56:12+00:00","dateModified":"2026-05-06T18:04:13+00:00","breadcrumb":{"@id":"https:\/\/caravan-laken.de\/aufmass-service-nrw\/#breadcrumb"},"inLanguage":"en-US","potentialAction":[{"@type":"ReadAction","target":["https:\/\/caravan-laken.de\/aufmass-service-nrw\/"]}]},{"@type":"BreadcrumbList","@id":"https:\/\/caravan-laken.de\/aufmass-service-nrw\/#breadcrumb","itemListElement":[{"@type":"ListItem","position":1,"name":"Startseite","item":"https:\/\/caravan-laken.de\/"},{"@type":"ListItem","position":2,"name":"Ich finde mein Modell nicht"}]},{"@type":"WebSite","@id":"https:\/\/caravan-laken.de\/#website","url":"https:\/\/caravan-laken.de\/","name":"Suitable4Caravan","description":"Spannbettlaken und Matratzenschoner auf Ma\u00df","publisher":{"@id":"https:\/\/caravan-laken.de\/#organization"},"potentialAction":[{"@type":"SearchAction","target":{"@type":"EntryPoint","urlTemplate":"https:\/\/caravan-laken.de\/?s={search_term_string}"},"query-input":"required name=search_term_string"}],"inLanguage":"en-US"},{"@type":"Organization","@id":"https:\/\/caravan-laken.de\/#organization","name":"Suitable4Caravan","url":"https:\/\/caravan-laken.de\/","logo":{"@type":"ImageObject","inLanguage":"en-US","@id":"https:\/\/caravan-laken.de\/#\/schema\/logo\/image\/","url":"","contentUrl":"","caption":"Suitable4Caravan"},"image":{"@id":"https:\/\/caravan-laken.de\/#\/schema\/logo\/image\/"}}]}},"_links":{"self":[{"href":"https:\/\/caravan-laken.de\/en\/wp-json\/wp\/v2\/pages\/4405","targetHints":{"allow":["GET"]}}],"collection":[{"href":"https:\/\/caravan-laken.de\/en\/wp-json\/wp\/v2\/pages"}],"about":[{"href":"https:\/\/caravan-laken.de\/en\/wp-json\/wp\/v2\/types\/page"}],"author":[{"embeddable":true,"href":"https:\/\/caravan-laken.de\/en\/wp-json\/wp\/v2\/users\/1"}],"replies":[{"embeddable":true,"href":"https:\/\/caravan-laken.de\/en\/wp-json\/wp\/v2\/comments?post=4405"}],"version-history":[{"count":42,"href":"https:\/\/caravan-laken.de\/en\/wp-json\/wp\/v2\/pages\/4405\/revisions"}],"predecessor-version":[{"id":336010,"href":"https:\/\/caravan-laken.de\/en\/wp-json\/wp\/v2\/pages\/4405\/revisions\/336010"}],"wp:attachment":[{"href":"https:\/\/caravan-laken.de\/en\/wp-json\/wp\/v2\/media?parent=4405"}],"curies":[{"name":"wp","href":"https:\/\/api.w.org\/{rel}","templated":true}]}}