{"id":206229,"date":"2023-12-01T15:47:05","date_gmt":"2023-12-01T14:47:05","guid":{"rendered":"https:\/\/style4caravan.de\/?post_type=product&#038;p=206229"},"modified":"2026-01-14T22:55:34","modified_gmt":"2026-01-14T21:55:34","slug":"spannbettlaken-passend-fuer-fendt-bianco-activ-465-sfh-baujahr-2023","status":"publish","type":"product","link":"https:\/\/caravan-laken.de\/en\/shop-3\/wohnwagen\/fendt-vorhandene-artikel-passend-fuer-folgende-caravan-modelle-2\/bianco-activ-fendt-vorhandene-artikel-passend-fuer-folgende-caravan-modelle-2\/465-sfh-bianco-activ-fendt-vorhandene-artikel-passend-fuer-folgende-caravan-modelle-2\/2023-465-sfh-bianco-activ-fendt-vorhandene-artikel-passend-fuer-folgende-caravan-modelle-2\/spannbettlaken-passend-fuer-fendt-bianco-activ-465-sfh-baujahr-2023\/","title":{"rendered":"Fitted sheet suitable for Fendt Bianco Activ 465 SFH Year of manufacture 2023"},"content":{"rendered":"<p>Unsere Spannbettlaken wurden speziell f\u00fcr Caravan Wohnmobil und Camper entwickelt. Sie bieten hohen Schlafkomfort eine passgenaue Form und sicheren Halt \u0096 auch bei speziellen Matratzenformen. Das Laken sitzt faltenfrei auf der Matratze und verrutscht nicht w\u00e4hrend der Nacht.<\/p>\n<p>Alle Spannbettlaken sind atmungsaktiv hautsympathisch und pflegeleicht. Im n\u00e4chsten Schritt w\u00e4hlst du die passende Qualit\u00e4t f\u00fcr deine pers\u00f6nlichen Komfortansprueche.<\/p>\n<p><strong>General benefits of our fitted sheets:<\/strong><\/p>\n<ul class=\"ulLeft\">\n<li>\n<p><span style=\"font-size: medium\">A snug fit and easy to cover<\/span><\/p>\n<\/li>\n<li>\n<p><span style=\"font-size: medium\">No slipping and no wrinkling<\/span><\/p>\n<\/li>\n<li>\n<p><span style=\"font-size: medium\">Breathable and gentle on the skin<\/span><\/p>\n<\/li>\n<li>\n<p><span style=\"font-size: medium\">High comfort for lying down and sleeping<\/span><\/p>\n<\/li>\n<li>\n<p><span style=\"font-size: medium\">For caravans, motorhomes, and campers<\/span><\/p>\n<\/li>\n<\/ul>\n<div style=\"margin-top:20px\">\n  <a href=\"\/en\/garantiebedingungen\/\" title=\"warranty terms\" target=\"_blank\"><b>2-year warranty<\/b><\/a>\n<\/div>","protected":false},"excerpt":{"rendered":"<p>Unsere Spannbettlaken wurden speziell f\u00fcr Caravan Wohnmobil und Camper entwickelt. Sie bieten hohen Schlafkomfort eine passgenaue Form und sicheren Halt \u0096 auch bei speziellen Matratzenformen. Das Laken sitzt faltenfrei auf der Matratze und verrutscht nicht w\u00e4hrend der Nacht. Alle Spannbettlaken sind atmungsaktiv hautsympathisch und pflegeleicht. Im n\u00e4chsten Schritt w\u00e4hlst du die passende Qualit\u00e4t f\u00fcr deine<\/p>\n<div class=\"klb-readmore button\"><a class=\"btn link\" href=\"https:\/\/caravan-laken.de\/en\/shop-3\/wohnwagen\/fendt-vorhandene-artikel-passend-fuer-folgende-caravan-modelle-2\/bianco-activ-fendt-vorhandene-artikel-passend-fuer-folgende-caravan-modelle-2\/465-sfh-bianco-activ-fendt-vorhandene-artikel-passend-fuer-folgende-caravan-modelle-2\/2023-465-sfh-bianco-activ-fendt-vorhandene-artikel-passend-fuer-folgende-caravan-modelle-2\/spannbettlaken-passend-fuer-fendt-bianco-activ-465-sfh-baujahr-2023\/\">Read More <i class=\"klbth-icon-right-arrow\"><\/i><\/a><\/div>","protected":false},"featured_media":214115,"comment_status":"open","ping_status":"closed","template":"","meta":[],"product_brand":[],"product_cat":[4504,4502,4493,4479,4199],"product_tag":[],"class_list":{"0":"post-206229","1":"product","2":"type-product","3":"status-publish","4":"has-post-thumbnail","6":"product_cat-2023-465-sfh-bianco-activ-fendt-vorhandene-artikel-passend-fuer-folgende-caravan-modelle-2","7":"product_cat-465-sfh-bianco-activ-fendt-vorhandene-artikel-passend-fuer-folgende-caravan-modelle-2","8":"product_cat-bianco-activ-fendt-vorhandene-artikel-passend-fuer-folgende-caravan-modelle-2","9":"product_cat-fendt-vorhandene-artikel-passend-fuer-folgende-caravan-modelle-2","10":"product_cat-wohnwagen","11":"pa_betttyp-franzoesisches-bett-5-seiten-schraege-rechts","12":"pa_farben-graphit","13":"pa_farben-leinen","14":"pa_farben-sand","15":"pa_farben-silber","16":"pa_farben-weiss","17":"pa_hoehe-standardhoehe","18":"pa_material-180-g-m-96-baumwolle-4-elasthan","19":"pa_material-240-g-m-95-baumwolle-5-elasthan","21":"first","22":"instock","23":"taxable","24":"shipping-taxable","25":"purchasable","26":"product-type-variable"},"yoast_head":"<!-- This site is optimized with the Yoast SEO plugin v21.6 - https:\/\/yoast.com\/wordpress\/plugins\/seo\/ -->\n<title>Spannbettlaken passend f\u00fcr Fendt Bianco Activ 465 SFH Baujahr 2023 - Caravan Laken<\/title>\n<meta name=\"description\" content=\"Spannbettlaken passend f\u00fcr Fendt Bianco Activ 465 SFH Baujahr 2023\" \/>\n<meta name=\"robots\" content=\"index, follow, max-snippet:-1, max-image-preview:large, max-video-preview:-1\" \/>\n<link rel=\"canonical\" href=\"https:\/\/caravan-laken.de\/en\/shop-3\/wohnwagen\/fendt-vorhandene-artikel-passend-fuer-folgende-caravan-modelle-2\/bianco-activ-fendt-vorhandene-artikel-passend-fuer-folgende-caravan-modelle-2\/465-sfh-bianco-activ-fendt-vorhandene-artikel-passend-fuer-folgende-caravan-modelle-2\/2023-465-sfh-bianco-activ-fendt-vorhandene-artikel-passend-fuer-folgende-caravan-modelle-2\/spannbettlaken-passend-fuer-fendt-bianco-activ-465-sfh-baujahr-2023\/\" \/>\n<meta property=\"og:locale\" content=\"en_US\" \/>\n<meta property=\"og:type\" content=\"article\" \/>\n<meta property=\"og:title\" content=\"Spannbettlaken passend f\u00fcr Fendt Bianco Activ 465 SFH Baujahr 2023 - Caravan Laken\" \/>\n<meta property=\"og:description\" content=\"Spannbettlaken passend f\u00fcr Fendt Bianco Activ 465 SFH Baujahr 2023\" \/>\n<meta property=\"og:url\" content=\"https:\/\/caravan-laken.de\/en\/shop-3\/wohnwagen\/fendt-vorhandene-artikel-passend-fuer-folgende-caravan-modelle-2\/bianco-activ-fendt-vorhandene-artikel-passend-fuer-folgende-caravan-modelle-2\/465-sfh-bianco-activ-fendt-vorhandene-artikel-passend-fuer-folgende-caravan-modelle-2\/2023-465-sfh-bianco-activ-fendt-vorhandene-artikel-passend-fuer-folgende-caravan-modelle-2\/spannbettlaken-passend-fuer-fendt-bianco-activ-465-sfh-baujahr-2023\/\" \/>\n<meta property=\"og:site_name\" content=\"Caravan Laken\" \/>\n<meta property=\"article:modified_time\" content=\"2026-01-14T21:55:34+00:00\" \/>\n<meta property=\"og:image\" content=\"https:\/\/caravan-laken.de\/wp-content\/uploads\/2025\/02\/Spannbettlaken-Baumwolle-Elasthan.jpg\" \/>\n\t<meta property=\"og:image:width\" content=\"933\" \/>\n\t<meta property=\"og:image:height\" content=\"622\" \/>\n\t<meta property=\"og:image:type\" content=\"image\/jpeg\" \/>\n<meta name=\"twitter:card\" content=\"summary_large_image\" \/>\n<script type=\"application\/ld+json\" class=\"yoast-schema-graph\">{\"@context\":\"https:\/\/schema.org\",\"@graph\":[{\"@type\":\"WebPage\",\"@id\":\"https:\/\/caravan-laken.de\/shop-3\/wohnwagen\/fendt-vorhandene-artikel-passend-fuer-folgende-caravan-modelle-2\/bianco-activ-fendt-vorhandene-artikel-passend-fuer-folgende-caravan-modelle-2\/465-sfh-bianco-activ-fendt-vorhandene-artikel-passend-fuer-folgende-caravan-modelle-2\/2023-465-sfh-bianco-activ-fendt-vorhandene-artikel-passend-fuer-folgende-caravan-modelle-2\/spannbettlaken-passend-fuer-fendt-bianco-activ-465-sfh-baujahr-2023\/\",\"url\":\"https:\/\/caravan-laken.de\/shop-3\/wohnwagen\/fendt-vorhandene-artikel-passend-fuer-folgende-caravan-modelle-2\/bianco-activ-fendt-vorhandene-artikel-passend-fuer-folgende-caravan-modelle-2\/465-sfh-bianco-activ-fendt-vorhandene-artikel-passend-fuer-folgende-caravan-modelle-2\/2023-465-sfh-bianco-activ-fendt-vorhandene-artikel-passend-fuer-folgende-caravan-modelle-2\/spannbettlaken-passend-fuer-fendt-bianco-activ-465-sfh-baujahr-2023\/\",\"name\":\"Spannbettlaken passend f\u00fcr Fendt Bianco Activ 465 SFH Baujahr 2023 - Caravan Laken\",\"isPartOf\":{\"@id\":\"https:\/\/caravan-laken.de\/#website\"},\"datePublished\":\"2023-12-01T14:47:05+00:00\",\"dateModified\":\"2026-01-14T21:55:34+00:00\",\"description\":\"Spannbettlaken passend f\u00fcr Fendt Bianco Activ 465 SFH Baujahr 2023\",\"breadcrumb\":{\"@id\":\"https:\/\/caravan-laken.de\/shop-3\/wohnwagen\/fendt-vorhandene-artikel-passend-fuer-folgende-caravan-modelle-2\/bianco-activ-fendt-vorhandene-artikel-passend-fuer-folgende-caravan-modelle-2\/465-sfh-bianco-activ-fendt-vorhandene-artikel-passend-fuer-folgende-caravan-modelle-2\/2023-465-sfh-bianco-activ-fendt-vorhandene-artikel-passend-fuer-folgende-caravan-modelle-2\/spannbettlaken-passend-fuer-fendt-bianco-activ-465-sfh-baujahr-2023\/#breadcrumb\"},\"inLanguage\":\"en-US\",\"potentialAction\":[{\"@type\":\"ReadAction\",\"target\":[\"https:\/\/caravan-laken.de\/shop-3\/wohnwagen\/fendt-vorhandene-artikel-passend-fuer-folgende-caravan-modelle-2\/bianco-activ-fendt-vorhandene-artikel-passend-fuer-folgende-caravan-modelle-2\/465-sfh-bianco-activ-fendt-vorhandene-artikel-passend-fuer-folgende-caravan-modelle-2\/2023-465-sfh-bianco-activ-fendt-vorhandene-artikel-passend-fuer-folgende-caravan-modelle-2\/spannbettlaken-passend-fuer-fendt-bianco-activ-465-sfh-baujahr-2023\/\"]}]},{\"@type\":\"BreadcrumbList\",\"@id\":\"https:\/\/caravan-laken.de\/shop-3\/wohnwagen\/fendt-vorhandene-artikel-passend-fuer-folgende-caravan-modelle-2\/bianco-activ-fendt-vorhandene-artikel-passend-fuer-folgende-caravan-modelle-2\/465-sfh-bianco-activ-fendt-vorhandene-artikel-passend-fuer-folgende-caravan-modelle-2\/2023-465-sfh-bianco-activ-fendt-vorhandene-artikel-passend-fuer-folgende-caravan-modelle-2\/spannbettlaken-passend-fuer-fendt-bianco-activ-465-sfh-baujahr-2023\/#breadcrumb\",\"itemListElement\":[{\"@type\":\"ListItem\",\"position\":1,\"name\":\"Startseite\",\"item\":\"https:\/\/caravan-laken.de\/\"},{\"@type\":\"ListItem\",\"position\":2,\"name\":\"Shop\",\"item\":\"https:\/\/caravan-laken.de\/shop\/\"},{\"@type\":\"ListItem\",\"position\":3,\"name\":\"Spannbettlaken passend f\u00fcr Fendt Bianco Activ 465 SFH Baujahr 2023\"}]},{\"@type\":\"WebSite\",\"@id\":\"https:\/\/caravan-laken.de\/#website\",\"url\":\"https:\/\/caravan-laken.de\/\",\"name\":\"Suitable4Caravan\",\"description\":\"Spannbettlaken und Matratzenschoner auf Ma\u00df\",\"publisher\":{\"@id\":\"https:\/\/caravan-laken.de\/#organization\"},\"potentialAction\":[{\"@type\":\"SearchAction\",\"target\":{\"@type\":\"EntryPoint\",\"urlTemplate\":\"https:\/\/caravan-laken.de\/?s={search_term_string}\"},\"query-input\":\"required name=search_term_string\"}],\"inLanguage\":\"en-US\"},{\"@type\":\"Organization\",\"@id\":\"https:\/\/caravan-laken.de\/#organization\",\"name\":\"Suitable4Caravan\",\"url\":\"https:\/\/caravan-laken.de\/\",\"logo\":{\"@type\":\"ImageObject\",\"inLanguage\":\"en-US\",\"@id\":\"https:\/\/caravan-laken.de\/#\/schema\/logo\/image\/\",\"url\":\"\",\"contentUrl\":\"\",\"caption\":\"Suitable4Caravan\"},\"image\":{\"@id\":\"https:\/\/caravan-laken.de\/#\/schema\/logo\/image\/\"}}]}<\/script>\n<!-- \/ Yoast SEO plugin. -->","yoast_head_json":{"title":"Spannbettlaken passend f\u00fcr Fendt Bianco Activ 465 SFH Baujahr 2023 - Caravan Laken","description":"Spannbettlaken passend f\u00fcr Fendt Bianco Activ 465 SFH Baujahr 2023","robots":{"index":"index","follow":"follow","max-snippet":"max-snippet:-1","max-image-preview":"max-image-preview:large","max-video-preview":"max-video-preview:-1"},"canonical":"https:\/\/caravan-laken.de\/en\/shop-3\/wohnwagen\/fendt-vorhandene-artikel-passend-fuer-folgende-caravan-modelle-2\/bianco-activ-fendt-vorhandene-artikel-passend-fuer-folgende-caravan-modelle-2\/465-sfh-bianco-activ-fendt-vorhandene-artikel-passend-fuer-folgende-caravan-modelle-2\/2023-465-sfh-bianco-activ-fendt-vorhandene-artikel-passend-fuer-folgende-caravan-modelle-2\/spannbettlaken-passend-fuer-fendt-bianco-activ-465-sfh-baujahr-2023\/","og_locale":"en_US","og_type":"article","og_title":"Spannbettlaken passend f\u00fcr Fendt Bianco Activ 465 SFH Baujahr 2023 - Caravan Laken","og_description":"Spannbettlaken passend f\u00fcr Fendt Bianco Activ 465 SFH Baujahr 2023","og_url":"https:\/\/caravan-laken.de\/en\/shop-3\/wohnwagen\/fendt-vorhandene-artikel-passend-fuer-folgende-caravan-modelle-2\/bianco-activ-fendt-vorhandene-artikel-passend-fuer-folgende-caravan-modelle-2\/465-sfh-bianco-activ-fendt-vorhandene-artikel-passend-fuer-folgende-caravan-modelle-2\/2023-465-sfh-bianco-activ-fendt-vorhandene-artikel-passend-fuer-folgende-caravan-modelle-2\/spannbettlaken-passend-fuer-fendt-bianco-activ-465-sfh-baujahr-2023\/","og_site_name":"Caravan Laken","article_modified_time":"2026-01-14T21:55:34+00:00","og_image":[{"width":933,"height":622,"url":"https:\/\/caravan-laken.de\/wp-content\/uploads\/2025\/02\/Spannbettlaken-Baumwolle-Elasthan.jpg","type":"image\/jpeg"}],"twitter_card":"summary_large_image","schema":{"@context":"https:\/\/schema.org","@graph":[{"@type":"WebPage","@id":"https:\/\/caravan-laken.de\/shop-3\/wohnwagen\/fendt-vorhandene-artikel-passend-fuer-folgende-caravan-modelle-2\/bianco-activ-fendt-vorhandene-artikel-passend-fuer-folgende-caravan-modelle-2\/465-sfh-bianco-activ-fendt-vorhandene-artikel-passend-fuer-folgende-caravan-modelle-2\/2023-465-sfh-bianco-activ-fendt-vorhandene-artikel-passend-fuer-folgende-caravan-modelle-2\/spannbettlaken-passend-fuer-fendt-bianco-activ-465-sfh-baujahr-2023\/","url":"https:\/\/caravan-laken.de\/shop-3\/wohnwagen\/fendt-vorhandene-artikel-passend-fuer-folgende-caravan-modelle-2\/bianco-activ-fendt-vorhandene-artikel-passend-fuer-folgende-caravan-modelle-2\/465-sfh-bianco-activ-fendt-vorhandene-artikel-passend-fuer-folgende-caravan-modelle-2\/2023-465-sfh-bianco-activ-fendt-vorhandene-artikel-passend-fuer-folgende-caravan-modelle-2\/spannbettlaken-passend-fuer-fendt-bianco-activ-465-sfh-baujahr-2023\/","name":"Spannbettlaken passend f\u00fcr Fendt Bianco Activ 465 SFH Baujahr 2023 - Caravan Laken","isPartOf":{"@id":"https:\/\/caravan-laken.de\/#website"},"datePublished":"2023-12-01T14:47:05+00:00","dateModified":"2026-01-14T21:55:34+00:00","description":"Spannbettlaken passend f\u00fcr Fendt Bianco Activ 465 SFH Baujahr 2023","breadcrumb":{"@id":"https:\/\/caravan-laken.de\/shop-3\/wohnwagen\/fendt-vorhandene-artikel-passend-fuer-folgende-caravan-modelle-2\/bianco-activ-fendt-vorhandene-artikel-passend-fuer-folgende-caravan-modelle-2\/465-sfh-bianco-activ-fendt-vorhandene-artikel-passend-fuer-folgende-caravan-modelle-2\/2023-465-sfh-bianco-activ-fendt-vorhandene-artikel-passend-fuer-folgende-caravan-modelle-2\/spannbettlaken-passend-fuer-fendt-bianco-activ-465-sfh-baujahr-2023\/#breadcrumb"},"inLanguage":"en-US","potentialAction":[{"@type":"ReadAction","target":["https:\/\/caravan-laken.de\/shop-3\/wohnwagen\/fendt-vorhandene-artikel-passend-fuer-folgende-caravan-modelle-2\/bianco-activ-fendt-vorhandene-artikel-passend-fuer-folgende-caravan-modelle-2\/465-sfh-bianco-activ-fendt-vorhandene-artikel-passend-fuer-folgende-caravan-modelle-2\/2023-465-sfh-bianco-activ-fendt-vorhandene-artikel-passend-fuer-folgende-caravan-modelle-2\/spannbettlaken-passend-fuer-fendt-bianco-activ-465-sfh-baujahr-2023\/"]}]},{"@type":"BreadcrumbList","@id":"https:\/\/caravan-laken.de\/shop-3\/wohnwagen\/fendt-vorhandene-artikel-passend-fuer-folgende-caravan-modelle-2\/bianco-activ-fendt-vorhandene-artikel-passend-fuer-folgende-caravan-modelle-2\/465-sfh-bianco-activ-fendt-vorhandene-artikel-passend-fuer-folgende-caravan-modelle-2\/2023-465-sfh-bianco-activ-fendt-vorhandene-artikel-passend-fuer-folgende-caravan-modelle-2\/spannbettlaken-passend-fuer-fendt-bianco-activ-465-sfh-baujahr-2023\/#breadcrumb","itemListElement":[{"@type":"ListItem","position":1,"name":"Startseite","item":"https:\/\/caravan-laken.de\/"},{"@type":"ListItem","position":2,"name":"Shop","item":"https:\/\/caravan-laken.de\/shop\/"},{"@type":"ListItem","position":3,"name":"Spannbettlaken passend f\u00fcr Fendt Bianco Activ 465 SFH Baujahr 2023"}]},{"@type":"WebSite","@id":"https:\/\/caravan-laken.de\/#website","url":"https:\/\/caravan-laken.de\/","name":"Suitable4Caravan","description":"Spannbettlaken und Matratzenschoner auf Ma\u00df","publisher":{"@id":"https:\/\/caravan-laken.de\/#organization"},"potentialAction":[{"@type":"SearchAction","target":{"@type":"EntryPoint","urlTemplate":"https:\/\/caravan-laken.de\/?s={search_term_string}"},"query-input":"required name=search_term_string"}],"inLanguage":"en-US"},{"@type":"Organization","@id":"https:\/\/caravan-laken.de\/#organization","name":"Suitable4Caravan","url":"https:\/\/caravan-laken.de\/","logo":{"@type":"ImageObject","inLanguage":"en-US","@id":"https:\/\/caravan-laken.de\/#\/schema\/logo\/image\/","url":"","contentUrl":"","caption":"Suitable4Caravan"},"image":{"@id":"https:\/\/caravan-laken.de\/#\/schema\/logo\/image\/"}}]}},"_links":{"self":[{"href":"https:\/\/caravan-laken.de\/en\/wp-json\/wp\/v2\/product\/206229","targetHints":{"allow":["GET"]}}],"collection":[{"href":"https:\/\/caravan-laken.de\/en\/wp-json\/wp\/v2\/product"}],"about":[{"href":"https:\/\/caravan-laken.de\/en\/wp-json\/wp\/v2\/types\/product"}],"replies":[{"embeddable":true,"href":"https:\/\/caravan-laken.de\/en\/wp-json\/wp\/v2\/comments?post=206229"}],"wp:featuredmedia":[{"embeddable":true,"href":"https:\/\/caravan-laken.de\/en\/wp-json\/wp\/v2\/media\/214115"}],"wp:attachment":[{"href":"https:\/\/caravan-laken.de\/en\/wp-json\/wp\/v2\/media?parent=206229"}],"wp:term":[{"taxonomy":"product_brand","embeddable":true,"href":"https:\/\/caravan-laken.de\/en\/wp-json\/wp\/v2\/product_brand?post=206229"},{"taxonomy":"product_cat","embeddable":true,"href":"https:\/\/caravan-laken.de\/en\/wp-json\/wp\/v2\/product_cat?post=206229"},{"taxonomy":"product_tag","embeddable":true,"href":"https:\/\/caravan-laken.de\/en\/wp-json\/wp\/v2\/product_tag?post=206229"}],"curies":[{"name":"wp","href":"https:\/\/api.w.org\/{rel}","templated":true}]}}