{"id":284618,"date":"2025-12-12T19:18:46","date_gmt":"2025-12-12T18:18:46","guid":{"rendered":"https:\/\/caravan-laken.de\/?post_type=product&#038;p=284618"},"modified":"2025-12-21T19:20:24","modified_gmt":"2025-12-21T18:20:24","slug":"spannbettlaken-passend-fuer-hobby-ontour-c-700-gq-baujahr-2026","status":"publish","type":"product","link":"https:\/\/caravan-laken.de\/en\/shop-3\/reisemobil\/hobby-reisemobil\/ontour-c\/700-gq\/2026-700-gq\/spannbettlaken-passend-fuer-hobby-ontour-c-700-gq-baujahr-2026\/","title":{"rendered":"Fitted sheet suitable for Hobby OnTour C 700 GQ Year of manufacture 2026"},"content":{"rendered":"<p>Einfaches Beziehen, fester Halt und eine hohe Feuchtigkeitsaufnahme stehen f\u00fcr Schlafkomfort.<\/p>\n<p>Durch seine Form &#8211; exakt angepasst an die Matratze bzw. Polster &#8211; bleibt das Laken w\u00e4hrend der Nacht auf der Matratze, es &#8217;springt&#8216; nicht.<\/p>\n<p>Auch \u00fcberstehende Ecken m\u00fcssen nicht mehr versteckt werden.<\/p>\n<p>Perfekt f\u00fcr einen erholsamen Schlaf.<\/p>\n<ul class='ulLeft'>\n<li>\n<p><span style='font-size: medium'>Saugt K\u00f6rperfl\u00fcssigkeiten auf<\/span><\/p>\n<\/li>\n<li>\n<p><span style='font-size: medium'>Sch\u00fctzt vor Flecken und Schmutz<\/span><\/p>\n<\/li>\n<li>\n<p><span style='font-size: medium'>Hautsympathisch \/ Atmungsaktiv<\/span><\/p>\n<\/li>\n<li \n\n<p><span style='font-size: medium'>Hoher Liege-\/ Schlafkomfort<\/span><\/p>\n<\/li>\n<li>\n<p><span style='font-size: medium'>Keine Faltenbildung<\/span><\/p>\n<\/li>\n<\/ul>\n<div style='margin-top:20px'>\n            <a href='\/en\/garantiebedingungen\/' title='warranty terms' alt='Garantiebedingungen' target='_blank'><b>2-year warranty<\/b><\/a>\n            <\/div>","protected":false},"excerpt":{"rendered":"<p>Einfaches Beziehen, fester Halt und eine hohe Feuchtigkeitsaufnahme stehen f\u00fcr Schlafkomfort. Durch seine Form &#8211; exakt angepasst an die Matratze bzw. Polster &#8211; bleibt das Laken w\u00e4hrend der Nacht auf der Matratze, es &#8217;springt&#8216; nicht. Auch \u00fcberstehende Ecken m\u00fcssen nicht mehr versteckt werden. Perfekt f\u00fcr einen erholsamen Schlaf. Saugt K\u00f6rperfl\u00fcssigkeiten auf Sch\u00fctzt vor Flecken und<\/p>\n<div class=\"klb-readmore button\"><a class=\"btn link\" href=\"https:\/\/caravan-laken.de\/en\/shop-3\/reisemobil\/hobby-reisemobil\/ontour-c\/700-gq\/2026-700-gq\/spannbettlaken-passend-fuer-hobby-ontour-c-700-gq-baujahr-2026\/\">Read More <i class=\"klbth-icon-right-arrow\"><\/i><\/a><\/div>","protected":false},"featured_media":214115,"comment_status":"open","ping_status":"closed","template":"","meta":[],"product_brand":[],"product_cat":[5541,4154,3505,4153,3455],"product_tag":[],"class_list":{"0":"post-284618","1":"product","2":"type-product","3":"status-publish","4":"has-post-thumbnail","6":"product_cat-2026-700-gq","7":"product_cat-700-gq","8":"product_cat-hobby-reisemobil","9":"product_cat-ontour-c","10":"product_cat-reisemobil","11":"pa_betttyp-queensbett","12":"pa_farben-bleu","13":"pa_farben-bordeaux","14":"pa_farben-graphit","15":"pa_farben-leinen","16":"pa_farben-natur","17":"pa_farben-royal-blau","18":"pa_farben-sand","19":"pa_farben-schilf","20":"pa_farben-schoko","21":"pa_farben-silber","22":"pa_farben-sonne","23":"pa_farben-weiss","24":"pa_hoehe-standardhoehe","25":"pa_material-180-g-m-96-baumwolle-4-elasthan","26":"pa_material-240-g-m-95-baumwolle-5-elasthan","28":"first","29":"instock","30":"taxable","31":"shipping-taxable","32":"purchasable","33":"product-type-variable"},"yoast_head":"<!-- This site is optimized with the Yoast SEO plugin v21.6 - https:\/\/yoast.com\/wordpress\/plugins\/seo\/ -->\n<title>Spannbettlaken passend f\u00fcr Hobby OnTour C 700 GQ Baujahr 2026 - Caravan Laken<\/title>\n<meta name=\"description\" content=\"Spannbettlaken passend f\u00fcr Hobby OnTour C 700 GQ Baujahr 2026\" \/>\n<meta name=\"robots\" content=\"index, follow, max-snippet:-1, max-image-preview:large, max-video-preview:-1\" \/>\n<link rel=\"canonical\" href=\"https:\/\/caravan-laken.de\/en\/shop-3\/reisemobil\/hobby-reisemobil\/ontour-c\/700-gq\/2026-700-gq\/spannbettlaken-passend-fuer-hobby-ontour-c-700-gq-baujahr-2026\/\" \/>\n<meta property=\"og:locale\" content=\"en_US\" \/>\n<meta property=\"og:type\" content=\"article\" \/>\n<meta property=\"og:title\" content=\"Spannbettlaken passend f\u00fcr Hobby OnTour C 700 GQ Baujahr 2026 - Caravan Laken\" \/>\n<meta property=\"og:description\" content=\"Spannbettlaken passend f\u00fcr Hobby OnTour C 700 GQ Baujahr 2026\" \/>\n<meta property=\"og:url\" content=\"https:\/\/caravan-laken.de\/en\/shop-3\/reisemobil\/hobby-reisemobil\/ontour-c\/700-gq\/2026-700-gq\/spannbettlaken-passend-fuer-hobby-ontour-c-700-gq-baujahr-2026\/\" \/>\n<meta property=\"og:site_name\" content=\"Caravan Laken\" \/>\n<meta property=\"article:modified_time\" content=\"2025-12-21T18:20:24+00:00\" \/>\n<meta property=\"og:image\" content=\"https:\/\/caravan-laken.de\/wp-content\/uploads\/2025\/12\/Matratzenbezug-Queensbett-S1-06.jpg\" \/>\n\t<meta property=\"og:image:width\" content=\"1500\" \/>\n\t<meta property=\"og:image:height\" content=\"844\" \/>\n\t<meta property=\"og:image:type\" content=\"image\/jpeg\" \/>\n<meta name=\"twitter:card\" content=\"summary_large_image\" \/>\n<script type=\"application\/ld+json\" class=\"yoast-schema-graph\">{\"@context\":\"https:\/\/schema.org\",\"@graph\":[{\"@type\":\"WebPage\",\"@id\":\"https:\/\/caravan-laken.de\/shop-3\/reisemobil\/hobby-reisemobil\/ontour-c\/700-gq\/2026-700-gq\/spannbettlaken-passend-fuer-hobby-ontour-c-700-gq-baujahr-2026\/\",\"url\":\"https:\/\/caravan-laken.de\/shop-3\/reisemobil\/hobby-reisemobil\/ontour-c\/700-gq\/2026-700-gq\/spannbettlaken-passend-fuer-hobby-ontour-c-700-gq-baujahr-2026\/\",\"name\":\"Spannbettlaken passend f\u00fcr Hobby OnTour C 700 GQ Baujahr 2026 - Caravan Laken\",\"isPartOf\":{\"@id\":\"https:\/\/caravan-laken.de\/#website\"},\"datePublished\":\"2025-12-12T18:18:46+00:00\",\"dateModified\":\"2025-12-21T18:20:24+00:00\",\"description\":\"Spannbettlaken passend f\u00fcr Hobby OnTour C 700 GQ Baujahr 2026\",\"breadcrumb\":{\"@id\":\"https:\/\/caravan-laken.de\/shop-3\/reisemobil\/hobby-reisemobil\/ontour-c\/700-gq\/2026-700-gq\/spannbettlaken-passend-fuer-hobby-ontour-c-700-gq-baujahr-2026\/#breadcrumb\"},\"inLanguage\":\"en-US\",\"potentialAction\":[{\"@type\":\"ReadAction\",\"target\":[\"https:\/\/caravan-laken.de\/shop-3\/reisemobil\/hobby-reisemobil\/ontour-c\/700-gq\/2026-700-gq\/spannbettlaken-passend-fuer-hobby-ontour-c-700-gq-baujahr-2026\/\"]}]},{\"@type\":\"BreadcrumbList\",\"@id\":\"https:\/\/caravan-laken.de\/shop-3\/reisemobil\/hobby-reisemobil\/ontour-c\/700-gq\/2026-700-gq\/spannbettlaken-passend-fuer-hobby-ontour-c-700-gq-baujahr-2026\/#breadcrumb\",\"itemListElement\":[{\"@type\":\"ListItem\",\"position\":1,\"name\":\"Startseite\",\"item\":\"https:\/\/caravan-laken.de\/\"},{\"@type\":\"ListItem\",\"position\":2,\"name\":\"Shop\",\"item\":\"https:\/\/caravan-laken.de\/shop\/\"},{\"@type\":\"ListItem\",\"position\":3,\"name\":\"Spannbettlaken passend f\u00fcr Hobby OnTour C 700 GQ Baujahr 2026\"}]},{\"@type\":\"WebSite\",\"@id\":\"https:\/\/caravan-laken.de\/#website\",\"url\":\"https:\/\/caravan-laken.de\/\",\"name\":\"Suitable4Caravan\",\"description\":\"Spannbettlaken und Matratzenschoner auf Ma\u00df\",\"publisher\":{\"@id\":\"https:\/\/caravan-laken.de\/#organization\"},\"potentialAction\":[{\"@type\":\"SearchAction\",\"target\":{\"@type\":\"EntryPoint\",\"urlTemplate\":\"https:\/\/caravan-laken.de\/?s={search_term_string}\"},\"query-input\":\"required name=search_term_string\"}],\"inLanguage\":\"en-US\"},{\"@type\":\"Organization\",\"@id\":\"https:\/\/caravan-laken.de\/#organization\",\"name\":\"Suitable4Caravan\",\"url\":\"https:\/\/caravan-laken.de\/\",\"logo\":{\"@type\":\"ImageObject\",\"inLanguage\":\"en-US\",\"@id\":\"https:\/\/caravan-laken.de\/#\/schema\/logo\/image\/\",\"url\":\"\",\"contentUrl\":\"\",\"caption\":\"Suitable4Caravan\"},\"image\":{\"@id\":\"https:\/\/caravan-laken.de\/#\/schema\/logo\/image\/\"}}]}<\/script>\n<!-- \/ Yoast SEO plugin. -->","yoast_head_json":{"title":"Spannbettlaken passend f\u00fcr Hobby OnTour C 700 GQ Baujahr 2026 - Caravan Laken","description":"Spannbettlaken passend f\u00fcr Hobby OnTour C 700 GQ Baujahr 2026","robots":{"index":"index","follow":"follow","max-snippet":"max-snippet:-1","max-image-preview":"max-image-preview:large","max-video-preview":"max-video-preview:-1"},"canonical":"https:\/\/caravan-laken.de\/en\/shop-3\/reisemobil\/hobby-reisemobil\/ontour-c\/700-gq\/2026-700-gq\/spannbettlaken-passend-fuer-hobby-ontour-c-700-gq-baujahr-2026\/","og_locale":"en_US","og_type":"article","og_title":"Spannbettlaken passend f\u00fcr Hobby OnTour C 700 GQ Baujahr 2026 - Caravan Laken","og_description":"Spannbettlaken passend f\u00fcr Hobby OnTour C 700 GQ Baujahr 2026","og_url":"https:\/\/caravan-laken.de\/en\/shop-3\/reisemobil\/hobby-reisemobil\/ontour-c\/700-gq\/2026-700-gq\/spannbettlaken-passend-fuer-hobby-ontour-c-700-gq-baujahr-2026\/","og_site_name":"Caravan Laken","article_modified_time":"2025-12-21T18:20:24+00:00","og_image":[{"width":1500,"height":844,"url":"https:\/\/caravan-laken.de\/wp-content\/uploads\/2025\/12\/Matratzenbezug-Queensbett-S1-06.jpg","type":"image\/jpeg"}],"twitter_card":"summary_large_image","schema":{"@context":"https:\/\/schema.org","@graph":[{"@type":"WebPage","@id":"https:\/\/caravan-laken.de\/shop-3\/reisemobil\/hobby-reisemobil\/ontour-c\/700-gq\/2026-700-gq\/spannbettlaken-passend-fuer-hobby-ontour-c-700-gq-baujahr-2026\/","url":"https:\/\/caravan-laken.de\/shop-3\/reisemobil\/hobby-reisemobil\/ontour-c\/700-gq\/2026-700-gq\/spannbettlaken-passend-fuer-hobby-ontour-c-700-gq-baujahr-2026\/","name":"Spannbettlaken passend f\u00fcr Hobby OnTour C 700 GQ Baujahr 2026 - Caravan Laken","isPartOf":{"@id":"https:\/\/caravan-laken.de\/#website"},"datePublished":"2025-12-12T18:18:46+00:00","dateModified":"2025-12-21T18:20:24+00:00","description":"Spannbettlaken passend f\u00fcr Hobby OnTour C 700 GQ Baujahr 2026","breadcrumb":{"@id":"https:\/\/caravan-laken.de\/shop-3\/reisemobil\/hobby-reisemobil\/ontour-c\/700-gq\/2026-700-gq\/spannbettlaken-passend-fuer-hobby-ontour-c-700-gq-baujahr-2026\/#breadcrumb"},"inLanguage":"en-US","potentialAction":[{"@type":"ReadAction","target":["https:\/\/caravan-laken.de\/shop-3\/reisemobil\/hobby-reisemobil\/ontour-c\/700-gq\/2026-700-gq\/spannbettlaken-passend-fuer-hobby-ontour-c-700-gq-baujahr-2026\/"]}]},{"@type":"BreadcrumbList","@id":"https:\/\/caravan-laken.de\/shop-3\/reisemobil\/hobby-reisemobil\/ontour-c\/700-gq\/2026-700-gq\/spannbettlaken-passend-fuer-hobby-ontour-c-700-gq-baujahr-2026\/#breadcrumb","itemListElement":[{"@type":"ListItem","position":1,"name":"Startseite","item":"https:\/\/caravan-laken.de\/"},{"@type":"ListItem","position":2,"name":"Shop","item":"https:\/\/caravan-laken.de\/shop\/"},{"@type":"ListItem","position":3,"name":"Spannbettlaken passend f\u00fcr Hobby OnTour C 700 GQ Baujahr 2026"}]},{"@type":"WebSite","@id":"https:\/\/caravan-laken.de\/#website","url":"https:\/\/caravan-laken.de\/","name":"Suitable4Caravan","description":"Spannbettlaken und Matratzenschoner auf Ma\u00df","publisher":{"@id":"https:\/\/caravan-laken.de\/#organization"},"potentialAction":[{"@type":"SearchAction","target":{"@type":"EntryPoint","urlTemplate":"https:\/\/caravan-laken.de\/?s={search_term_string}"},"query-input":"required name=search_term_string"}],"inLanguage":"en-US"},{"@type":"Organization","@id":"https:\/\/caravan-laken.de\/#organization","name":"Suitable4Caravan","url":"https:\/\/caravan-laken.de\/","logo":{"@type":"ImageObject","inLanguage":"en-US","@id":"https:\/\/caravan-laken.de\/#\/schema\/logo\/image\/","url":"","contentUrl":"","caption":"Suitable4Caravan"},"image":{"@id":"https:\/\/caravan-laken.de\/#\/schema\/logo\/image\/"}}]}},"_links":{"self":[{"href":"https:\/\/caravan-laken.de\/en\/wp-json\/wp\/v2\/product\/284618","targetHints":{"allow":["GET"]}}],"collection":[{"href":"https:\/\/caravan-laken.de\/en\/wp-json\/wp\/v2\/product"}],"about":[{"href":"https:\/\/caravan-laken.de\/en\/wp-json\/wp\/v2\/types\/product"}],"replies":[{"embeddable":true,"href":"https:\/\/caravan-laken.de\/en\/wp-json\/wp\/v2\/comments?post=284618"}],"wp:featuredmedia":[{"embeddable":true,"href":"https:\/\/caravan-laken.de\/en\/wp-json\/wp\/v2\/media\/214115"}],"wp:attachment":[{"href":"https:\/\/caravan-laken.de\/en\/wp-json\/wp\/v2\/media?parent=284618"}],"wp:term":[{"taxonomy":"product_brand","embeddable":true,"href":"https:\/\/caravan-laken.de\/en\/wp-json\/wp\/v2\/product_brand?post=284618"},{"taxonomy":"product_cat","embeddable":true,"href":"https:\/\/caravan-laken.de\/en\/wp-json\/wp\/v2\/product_cat?post=284618"},{"taxonomy":"product_tag","embeddable":true,"href":"https:\/\/caravan-laken.de\/en\/wp-json\/wp\/v2\/product_tag?post=284618"}],"curies":[{"name":"wp","href":"https:\/\/api.w.org\/{rel}","templated":true}]}}