{"id":299038,"date":"2026-01-27T21:23:58","date_gmt":"2026-01-27T20:23:58","guid":{"rendered":"https:\/\/caravan-laken.de\/?post_type=product&#038;p=299038"},"modified":"2026-01-27T21:24:30","modified_gmt":"2026-01-27T20:24:30","slug":"spannbettlaken-passend-fuer-carado-t-447-baujahr-2022","status":"publish","type":"product","link":"https:\/\/caravan-laken.de\/en\/shop-3\/reisemobil\/carado\/t\/447\/2022-447\/spannbettlaken-passend-fuer-carado-t-447-baujahr-2022\/","title":{"rendered":"Fitted sheet suitable for Carado T 447 Year of manufacture 2022"},"content":{"rendered":"<p>Our fitted sheets are specially designed for caravans, motorhomes, and campers. They offer superior comfort, a perfect fit, and a secure hold\u2014even on mattresses with unusual shapes. The sheet lies flat on the mattress without wrinkles and stays in place all night long.<\/p>\n<p>All fitted sheets are breathable, gentle on the skin, and easy to care for. Next, choose the fabric that best suits your personal comfort needs.<\/p>\n<p><strong>General benefits of our fitted sheets:<\/strong><\/p>\n<ul class=\"ulLeft\">\n<li>\n<p><span style=\"font-size: medium\">A snug fit and easy to cover<\/span><\/p>\n<\/li>\n<li>\n<p><span style=\"font-size: medium\">No slipping and no wrinkling<\/span><\/p>\n<\/li>\n<li>\n<p><span style=\"font-size: medium\">Breathable and gentle on the skin<\/span><\/p>\n<\/li>\n<li>\n<p><span style=\"font-size: medium\">High comfort for lying down and sleeping<\/span><\/p>\n<\/li>\n<li>\n<p><span style=\"font-size: medium\">For caravans, motorhomes, and campers<\/span><\/p>\n<\/li>\n<\/ul>\n<div style=\"margin-top:20px\">\n  <a href=\"\/en\/garantiebedingungen\/\" title=\"warranty terms\" target=\"_blank\"><b>2-year warranty<\/b><\/a>\n<\/div>","protected":false},"excerpt":{"rendered":"<p>Unsere Spannbettlaken wurden speziell f\u00fcr Caravan Wohnmobil und Camper entwickelt. Sie bieten hohen Schlafkomfort eine passgenaue Form und sicheren Halt &#8211; auch bei speziellen Matratzenformen. Das Laken sitzt faltenfrei auf der Matratze und verrutscht nicht w\u00e4hrend der Nacht. Alle Spannbettlaken sind atmungsaktiv hautsympathisch und pflegeleicht. Im n\u00e4chsten Schritt w\u00e4hlst du die passende Qualit\u00e4t f\u00fcr deine<\/p>\n<div class=\"klb-readmore button\"><a class=\"btn link\" href=\"https:\/\/caravan-laken.de\/en\/shop-3\/reisemobil\/carado\/t\/447\/2022-447\/spannbettlaken-passend-fuer-carado-t-447-baujahr-2022\/\">Read More <i class=\"klbth-icon-right-arrow\"><\/i><\/a><\/div>","protected":false},"featured_media":298713,"comment_status":"open","ping_status":"closed","template":"","meta":[],"product_brand":[],"product_cat":[3503,3499,3461,3455,3462],"product_tag":[],"class_list":{"0":"post-299038","1":"product","2":"type-product","3":"status-publish","4":"has-post-thumbnail","6":"product_cat-2022-447","7":"product_cat-3499","8":"product_cat-carado","9":"product_cat-reisemobil","10":"product_cat-t","11":"pa_betttyp-einzelbett-links","12":"pa_betttyp-einzelbett-rechts","13":"pa_betttyp-liegepolster-mitte-kurz","14":"pa_betttyp-liegepolster-mitte-lang","15":"pa_farben-bleu","16":"pa_farben-bordeaux","17":"pa_farben-graphit","18":"pa_farben-leinen","19":"pa_farben-natur","20":"pa_farben-royal","21":"pa_farben-sand","22":"pa_farben-schilf","23":"pa_farben-schoko","24":"pa_farben-silber","25":"pa_farben-sonne","26":"pa_farben-weiss","27":"pa_hoehe-standardhoehe","28":"pa_material-180-g-m-96-baumwolle-4-elasthan","29":"pa_material-240-g-m-95-baumwolle-5-elasthan","31":"first","32":"instock","33":"taxable","34":"shipping-taxable","35":"purchasable","36":"product-type-variable"},"yoast_head":"<!-- This site is optimized with the Yoast SEO plugin v21.6 - https:\/\/yoast.com\/wordpress\/plugins\/seo\/ -->\n<title>Spannbettlaken passend f\u00fcr Carado T 447 Baujahr 2022 - Caravan Laken<\/title>\n<meta name=\"description\" content=\"Spannbettlaken passend f\u00fcr Carado T 447 Baujahr 2022\" \/>\n<meta name=\"robots\" content=\"index, follow, max-snippet:-1, max-image-preview:large, max-video-preview:-1\" \/>\n<link rel=\"canonical\" href=\"https:\/\/caravan-laken.de\/en\/shop-3\/reisemobil\/hobby-reisemobil\/spannbettlaken-passend-fuer-carado-t-447-baujahr-2022\/\" \/>\n<meta property=\"og:locale\" content=\"en_US\" \/>\n<meta property=\"og:type\" content=\"article\" \/>\n<meta property=\"og:title\" content=\"Spannbettlaken passend f\u00fcr Carado T 447 Baujahr 2022 - Caravan Laken\" \/>\n<meta property=\"og:description\" content=\"Spannbettlaken passend f\u00fcr Carado T 447 Baujahr 2022\" \/>\n<meta property=\"og:url\" content=\"https:\/\/caravan-laken.de\/en\/shop-3\/reisemobil\/hobby-reisemobil\/spannbettlaken-passend-fuer-carado-t-447-baujahr-2022\/\" \/>\n<meta property=\"og:site_name\" content=\"Caravan Laken\" \/>\n<meta property=\"article:modified_time\" content=\"2026-01-27T20:24:30+00:00\" \/>\n<meta name=\"twitter:card\" content=\"summary_large_image\" \/>\n<script type=\"application\/ld+json\" class=\"yoast-schema-graph\">{\"@context\":\"https:\/\/schema.org\",\"@graph\":[{\"@type\":\"WebPage\",\"@id\":\"https:\/\/caravan-laken.de\/shop-3\/reisemobil\/hobby-reisemobil\/spannbettlaken-passend-fuer-carado-t-447-baujahr-2022\/\",\"url\":\"https:\/\/caravan-laken.de\/shop-3\/reisemobil\/hobby-reisemobil\/spannbettlaken-passend-fuer-carado-t-447-baujahr-2022\/\",\"name\":\"Spannbettlaken passend f\u00fcr Carado T 447 Baujahr 2022 - Caravan Laken\",\"isPartOf\":{\"@id\":\"https:\/\/caravan-laken.de\/#website\"},\"datePublished\":\"2026-01-27T20:23:58+00:00\",\"dateModified\":\"2026-01-27T20:24:30+00:00\",\"description\":\"Spannbettlaken passend f\u00fcr Carado T 447 Baujahr 2022\",\"breadcrumb\":{\"@id\":\"https:\/\/caravan-laken.de\/shop-3\/reisemobil\/hobby-reisemobil\/spannbettlaken-passend-fuer-carado-t-447-baujahr-2022\/#breadcrumb\"},\"inLanguage\":\"en-US\",\"potentialAction\":[{\"@type\":\"ReadAction\",\"target\":[\"https:\/\/caravan-laken.de\/shop-3\/reisemobil\/hobby-reisemobil\/spannbettlaken-passend-fuer-carado-t-447-baujahr-2022\/\"]}]},{\"@type\":\"BreadcrumbList\",\"@id\":\"https:\/\/caravan-laken.de\/shop-3\/reisemobil\/hobby-reisemobil\/spannbettlaken-passend-fuer-carado-t-447-baujahr-2022\/#breadcrumb\",\"itemListElement\":[{\"@type\":\"ListItem\",\"position\":1,\"name\":\"Startseite\",\"item\":\"https:\/\/caravan-laken.de\/\"},{\"@type\":\"ListItem\",\"position\":2,\"name\":\"Shop\",\"item\":\"https:\/\/caravan-laken.de\/shop\/\"},{\"@type\":\"ListItem\",\"position\":3,\"name\":\"Spannbettlaken passend f\u00fcr Carado T 447 Baujahr 2022\"}]},{\"@type\":\"WebSite\",\"@id\":\"https:\/\/caravan-laken.de\/#website\",\"url\":\"https:\/\/caravan-laken.de\/\",\"name\":\"Suitable4Caravan\",\"description\":\"Spannbettlaken und Matratzenschoner auf Ma\u00df\",\"publisher\":{\"@id\":\"https:\/\/caravan-laken.de\/#organization\"},\"potentialAction\":[{\"@type\":\"SearchAction\",\"target\":{\"@type\":\"EntryPoint\",\"urlTemplate\":\"https:\/\/caravan-laken.de\/?s={search_term_string}\"},\"query-input\":\"required name=search_term_string\"}],\"inLanguage\":\"en-US\"},{\"@type\":\"Organization\",\"@id\":\"https:\/\/caravan-laken.de\/#organization\",\"name\":\"Suitable4Caravan\",\"url\":\"https:\/\/caravan-laken.de\/\",\"logo\":{\"@type\":\"ImageObject\",\"inLanguage\":\"en-US\",\"@id\":\"https:\/\/caravan-laken.de\/#\/schema\/logo\/image\/\",\"url\":\"\",\"contentUrl\":\"\",\"caption\":\"Suitable4Caravan\"},\"image\":{\"@id\":\"https:\/\/caravan-laken.de\/#\/schema\/logo\/image\/\"}}]}<\/script>\n<!-- \/ Yoast SEO plugin. -->","yoast_head_json":{"title":"Spannbettlaken passend f\u00fcr Carado T 447 Baujahr 2022 - Caravan Laken","description":"Spannbettlaken passend f\u00fcr Carado T 447 Baujahr 2022","robots":{"index":"index","follow":"follow","max-snippet":"max-snippet:-1","max-image-preview":"max-image-preview:large","max-video-preview":"max-video-preview:-1"},"canonical":"https:\/\/caravan-laken.de\/en\/shop-3\/reisemobil\/hobby-reisemobil\/spannbettlaken-passend-fuer-carado-t-447-baujahr-2022\/","og_locale":"en_US","og_type":"article","og_title":"Spannbettlaken passend f\u00fcr Carado T 447 Baujahr 2022 - Caravan Laken","og_description":"Spannbettlaken passend f\u00fcr Carado T 447 Baujahr 2022","og_url":"https:\/\/caravan-laken.de\/en\/shop-3\/reisemobil\/hobby-reisemobil\/spannbettlaken-passend-fuer-carado-t-447-baujahr-2022\/","og_site_name":"Caravan Laken","article_modified_time":"2026-01-27T20:24:30+00:00","twitter_card":"summary_large_image","schema":{"@context":"https:\/\/schema.org","@graph":[{"@type":"WebPage","@id":"https:\/\/caravan-laken.de\/shop-3\/reisemobil\/hobby-reisemobil\/spannbettlaken-passend-fuer-carado-t-447-baujahr-2022\/","url":"https:\/\/caravan-laken.de\/shop-3\/reisemobil\/hobby-reisemobil\/spannbettlaken-passend-fuer-carado-t-447-baujahr-2022\/","name":"Spannbettlaken passend f\u00fcr Carado T 447 Baujahr 2022 - Caravan Laken","isPartOf":{"@id":"https:\/\/caravan-laken.de\/#website"},"datePublished":"2026-01-27T20:23:58+00:00","dateModified":"2026-01-27T20:24:30+00:00","description":"Spannbettlaken passend f\u00fcr Carado T 447 Baujahr 2022","breadcrumb":{"@id":"https:\/\/caravan-laken.de\/shop-3\/reisemobil\/hobby-reisemobil\/spannbettlaken-passend-fuer-carado-t-447-baujahr-2022\/#breadcrumb"},"inLanguage":"en-US","potentialAction":[{"@type":"ReadAction","target":["https:\/\/caravan-laken.de\/shop-3\/reisemobil\/hobby-reisemobil\/spannbettlaken-passend-fuer-carado-t-447-baujahr-2022\/"]}]},{"@type":"BreadcrumbList","@id":"https:\/\/caravan-laken.de\/shop-3\/reisemobil\/hobby-reisemobil\/spannbettlaken-passend-fuer-carado-t-447-baujahr-2022\/#breadcrumb","itemListElement":[{"@type":"ListItem","position":1,"name":"Startseite","item":"https:\/\/caravan-laken.de\/"},{"@type":"ListItem","position":2,"name":"Shop","item":"https:\/\/caravan-laken.de\/shop\/"},{"@type":"ListItem","position":3,"name":"Spannbettlaken passend f\u00fcr Carado T 447 Baujahr 2022"}]},{"@type":"WebSite","@id":"https:\/\/caravan-laken.de\/#website","url":"https:\/\/caravan-laken.de\/","name":"Suitable4Caravan","description":"Spannbettlaken und Matratzenschoner auf Ma\u00df","publisher":{"@id":"https:\/\/caravan-laken.de\/#organization"},"potentialAction":[{"@type":"SearchAction","target":{"@type":"EntryPoint","urlTemplate":"https:\/\/caravan-laken.de\/?s={search_term_string}"},"query-input":"required name=search_term_string"}],"inLanguage":"en-US"},{"@type":"Organization","@id":"https:\/\/caravan-laken.de\/#organization","name":"Suitable4Caravan","url":"https:\/\/caravan-laken.de\/","logo":{"@type":"ImageObject","inLanguage":"en-US","@id":"https:\/\/caravan-laken.de\/#\/schema\/logo\/image\/","url":"","contentUrl":"","caption":"Suitable4Caravan"},"image":{"@id":"https:\/\/caravan-laken.de\/#\/schema\/logo\/image\/"}}]}},"_links":{"self":[{"href":"https:\/\/caravan-laken.de\/en\/wp-json\/wp\/v2\/product\/299038","targetHints":{"allow":["GET"]}}],"collection":[{"href":"https:\/\/caravan-laken.de\/en\/wp-json\/wp\/v2\/product"}],"about":[{"href":"https:\/\/caravan-laken.de\/en\/wp-json\/wp\/v2\/types\/product"}],"replies":[{"embeddable":true,"href":"https:\/\/caravan-laken.de\/en\/wp-json\/wp\/v2\/comments?post=299038"}],"wp:featuredmedia":[{"embeddable":true,"href":"https:\/\/caravan-laken.de\/en\/wp-json\/wp\/v2\/media\/298713"}],"wp:attachment":[{"href":"https:\/\/caravan-laken.de\/en\/wp-json\/wp\/v2\/media?parent=299038"}],"wp:term":[{"taxonomy":"product_brand","embeddable":true,"href":"https:\/\/caravan-laken.de\/en\/wp-json\/wp\/v2\/product_brand?post=299038"},{"taxonomy":"product_cat","embeddable":true,"href":"https:\/\/caravan-laken.de\/en\/wp-json\/wp\/v2\/product_cat?post=299038"},{"taxonomy":"product_tag","embeddable":true,"href":"https:\/\/caravan-laken.de\/en\/wp-json\/wp\/v2\/product_tag?post=299038"}],"curies":[{"name":"wp","href":"https:\/\/api.w.org\/{rel}","templated":true}]}}