{"id":311304,"date":"2026-03-15T08:54:06","date_gmt":"2026-03-15T07:54:06","guid":{"rendered":"https:\/\/caravan-laken.de\/?post_type=product&#038;p=311304"},"modified":"2026-03-15T08:54:11","modified_gmt":"2026-03-15T07:54:11","slug":"matratzenschoner-passend-fuer-carthago-chic-c-line-t-5-0-qb-baujahr-2020","status":"publish","type":"product","link":"https:\/\/caravan-laken.de\/en\/shop-3\/reisemobil\/carthago\/chic-c-line\/t-5-0-qb\/2020-t-5-0-qb\/matratzenschoner-passend-fuer-carthago-chic-c-line-t-5-0-qb-baujahr-2020\/","title":{"rendered":"Mattress protector suitable for Carthago Chic C-Line T 5.0 QB Year of manufacture 2020"},"content":{"rendered":"<p>Our mattress protectors reliably protect your mattress in your caravan, motorhome, or camper from moisture, dirt, and wear and tear\u2014without compromising on comfort. They ensure a hygienic and pleasant sleeping environment.<\/p>\n<p>All mattress protectors are breathable, fit perfectly, and are suitable for regular use when traveling. In the next step, you can select the appropriate quality.<\/p>\n<p><strong>General advantages of our mattress protectors:<\/strong><\/p>\n<ul class=\"ulLeft\">\n<li>\n<p><span style=\"font-size: medium\">Protection against moisture and dirt<\/span><\/p>\n<\/li>\n<li>\n<p><span style=\"font-size: medium\">Supports a hygienic sleeping environment<\/span><\/p>\n<\/li>\n<li>\n<p><span style=\"font-size: medium\">Breathable and skin-friendly<\/span><\/p>\n<\/li>\n<li>\n<p><span style=\"font-size: medium\">Secure hold thanks to corner and cross rubber strips<\/span><\/p>\n<\/li>\n<li>\n<p><span style=\"font-size: medium\">Color: White<\/span><\/p>\n<\/li>\n<\/ul>\n<div style=\"margin-top:20px\">\n  <a href=\"\/en\/garantiebedingungen\/\" title=\"warranty terms\" target=\"_blank\"><b>2-year warranty<\/b><\/a>\n<\/div>","protected":false},"excerpt":{"rendered":"<p>Unsere Matratzenschoner sch\u00fctzen deine Matratze im Caravan Wohnmobil oder Camper zuverl\u00e4ssig vor Feuchtigkeit Schmutz und Abnutzung &#8211; ohne den Liegekomfort zu beeintr\u00e4chtigen. Sie sorgen f\u00fcr ein hygienisches und angenehmes Schlafklima. Alle Matratzenschoner sind passgenau atmungsaktiv und f\u00fcr den regelm\u00e4\u00dfigen Einsatz auf Reisen geeignet. Im n\u00e4chsten Schritt kannst du die passende Qualit\u00e4t ausw\u00e4hlen. Allgemeine Vorteile unserer<\/p>\n<div class=\"klb-readmore button\"><a class=\"btn link\" href=\"https:\/\/caravan-laken.de\/en\/shop-3\/reisemobil\/carthago\/chic-c-line\/t-5-0-qb\/2020-t-5-0-qb\/matratzenschoner-passend-fuer-carthago-chic-c-line-t-5-0-qb-baujahr-2020\/\">Read More <i class=\"klbth-icon-right-arrow\"><\/i><\/a><\/div>","protected":false},"featured_media":308504,"comment_status":"open","ping_status":"closed","template":"","meta":[],"product_brand":[],"product_cat":[5874,4188,4189,3455,5820],"product_tag":[],"class_list":{"0":"post-311304","1":"product","2":"type-product","3":"status-publish","4":"has-post-thumbnail","6":"product_cat-2020-t-5-0-qb","7":"product_cat-carthago","8":"product_cat-chic-c-line","9":"product_cat-reisemobil","10":"product_cat-t-5-0-qb","11":"pa_betttyp-queensbett","12":"pa_farben-weiss","13":"pa_hoehe-standardhoehe","14":"pa_material-jersey-pu-baumwolle-oben-wasserdicht-unten","15":"pa_material-molton-80-baumwolle-20-polyester","17":"first","18":"instock","19":"taxable","20":"shipping-taxable","21":"purchasable","22":"product-type-variable"},"yoast_head":"<!-- This site is optimized with the Yoast SEO plugin v21.6 - https:\/\/yoast.com\/wordpress\/plugins\/seo\/ -->\n<title>Matratzenschoner passend f\u00fcr Carthago Chic C-Line T 5.0 QB Baujahr 2020 - Caravan Laken<\/title>\n<meta name=\"description\" content=\"Matratzenschoner passend f\u00fcr Carthago Chic C-Line T 5.0 QB Baujahr 2020\" \/>\n<meta name=\"robots\" content=\"index, follow, max-snippet:-1, max-image-preview:large, max-video-preview:-1\" \/>\n<link rel=\"canonical\" href=\"https:\/\/caravan-laken.de\/en\/shop-3\/reisemobil\/hobby-reisemobil\/matratzenschoner-passend-fuer-carthago-chic-c-line-t-5-0-qb-baujahr-2020\/\" \/>\n<meta property=\"og:locale\" content=\"en_US\" \/>\n<meta property=\"og:type\" content=\"article\" \/>\n<meta property=\"og:title\" content=\"Matratzenschoner passend f\u00fcr Carthago Chic C-Line T 5.0 QB Baujahr 2020 - Caravan Laken\" \/>\n<meta property=\"og:description\" content=\"Matratzenschoner passend f\u00fcr Carthago Chic C-Line T 5.0 QB Baujahr 2020\" \/>\n<meta property=\"og:url\" content=\"https:\/\/caravan-laken.de\/en\/shop-3\/reisemobil\/hobby-reisemobil\/matratzenschoner-passend-fuer-carthago-chic-c-line-t-5-0-qb-baujahr-2020\/\" \/>\n<meta property=\"og:site_name\" content=\"Caravan Laken\" \/>\n<meta property=\"article:modified_time\" content=\"2026-03-15T07:54:11+00:00\" \/>\n<meta name=\"twitter:card\" content=\"summary_large_image\" \/>\n<script type=\"application\/ld+json\" class=\"yoast-schema-graph\">{\"@context\":\"https:\/\/schema.org\",\"@graph\":[{\"@type\":\"WebPage\",\"@id\":\"https:\/\/caravan-laken.de\/shop-3\/reisemobil\/hobby-reisemobil\/matratzenschoner-passend-fuer-carthago-chic-c-line-t-5-0-qb-baujahr-2020\/\",\"url\":\"https:\/\/caravan-laken.de\/shop-3\/reisemobil\/hobby-reisemobil\/matratzenschoner-passend-fuer-carthago-chic-c-line-t-5-0-qb-baujahr-2020\/\",\"name\":\"Matratzenschoner passend f\u00fcr Carthago Chic C-Line T 5.0 QB Baujahr 2020 - Caravan Laken\",\"isPartOf\":{\"@id\":\"https:\/\/caravan-laken.de\/#website\"},\"datePublished\":\"2026-03-15T07:54:06+00:00\",\"dateModified\":\"2026-03-15T07:54:11+00:00\",\"description\":\"Matratzenschoner passend f\u00fcr Carthago Chic C-Line T 5.0 QB Baujahr 2020\",\"breadcrumb\":{\"@id\":\"https:\/\/caravan-laken.de\/shop-3\/reisemobil\/hobby-reisemobil\/matratzenschoner-passend-fuer-carthago-chic-c-line-t-5-0-qb-baujahr-2020\/#breadcrumb\"},\"inLanguage\":\"en-US\",\"potentialAction\":[{\"@type\":\"ReadAction\",\"target\":[\"https:\/\/caravan-laken.de\/shop-3\/reisemobil\/hobby-reisemobil\/matratzenschoner-passend-fuer-carthago-chic-c-line-t-5-0-qb-baujahr-2020\/\"]}]},{\"@type\":\"BreadcrumbList\",\"@id\":\"https:\/\/caravan-laken.de\/shop-3\/reisemobil\/hobby-reisemobil\/matratzenschoner-passend-fuer-carthago-chic-c-line-t-5-0-qb-baujahr-2020\/#breadcrumb\",\"itemListElement\":[{\"@type\":\"ListItem\",\"position\":1,\"name\":\"Startseite\",\"item\":\"https:\/\/caravan-laken.de\/\"},{\"@type\":\"ListItem\",\"position\":2,\"name\":\"Shop\",\"item\":\"https:\/\/caravan-laken.de\/shop\/\"},{\"@type\":\"ListItem\",\"position\":3,\"name\":\"Matratzenschoner passend f\u00fcr Carthago Chic C-Line T 5.0 QB Baujahr 2020\"}]},{\"@type\":\"WebSite\",\"@id\":\"https:\/\/caravan-laken.de\/#website\",\"url\":\"https:\/\/caravan-laken.de\/\",\"name\":\"Suitable4Caravan\",\"description\":\"Spannbettlaken und Matratzenschoner auf Ma\u00df\",\"publisher\":{\"@id\":\"https:\/\/caravan-laken.de\/#organization\"},\"potentialAction\":[{\"@type\":\"SearchAction\",\"target\":{\"@type\":\"EntryPoint\",\"urlTemplate\":\"https:\/\/caravan-laken.de\/?s={search_term_string}\"},\"query-input\":\"required name=search_term_string\"}],\"inLanguage\":\"en-US\"},{\"@type\":\"Organization\",\"@id\":\"https:\/\/caravan-laken.de\/#organization\",\"name\":\"Suitable4Caravan\",\"url\":\"https:\/\/caravan-laken.de\/\",\"logo\":{\"@type\":\"ImageObject\",\"inLanguage\":\"en-US\",\"@id\":\"https:\/\/caravan-laken.de\/#\/schema\/logo\/image\/\",\"url\":\"\",\"contentUrl\":\"\",\"caption\":\"Suitable4Caravan\"},\"image\":{\"@id\":\"https:\/\/caravan-laken.de\/#\/schema\/logo\/image\/\"}}]}<\/script>\n<!-- \/ Yoast SEO plugin. -->","yoast_head_json":{"title":"Matratzenschoner passend f\u00fcr Carthago Chic C-Line T 5.0 QB Baujahr 2020 - Caravan Laken","description":"Matratzenschoner passend f\u00fcr Carthago Chic C-Line T 5.0 QB Baujahr 2020","robots":{"index":"index","follow":"follow","max-snippet":"max-snippet:-1","max-image-preview":"max-image-preview:large","max-video-preview":"max-video-preview:-1"},"canonical":"https:\/\/caravan-laken.de\/en\/shop-3\/reisemobil\/hobby-reisemobil\/matratzenschoner-passend-fuer-carthago-chic-c-line-t-5-0-qb-baujahr-2020\/","og_locale":"en_US","og_type":"article","og_title":"Matratzenschoner passend f\u00fcr Carthago Chic C-Line T 5.0 QB Baujahr 2020 - Caravan Laken","og_description":"Matratzenschoner passend f\u00fcr Carthago Chic C-Line T 5.0 QB Baujahr 2020","og_url":"https:\/\/caravan-laken.de\/en\/shop-3\/reisemobil\/hobby-reisemobil\/matratzenschoner-passend-fuer-carthago-chic-c-line-t-5-0-qb-baujahr-2020\/","og_site_name":"Caravan Laken","article_modified_time":"2026-03-15T07:54:11+00:00","twitter_card":"summary_large_image","schema":{"@context":"https:\/\/schema.org","@graph":[{"@type":"WebPage","@id":"https:\/\/caravan-laken.de\/shop-3\/reisemobil\/hobby-reisemobil\/matratzenschoner-passend-fuer-carthago-chic-c-line-t-5-0-qb-baujahr-2020\/","url":"https:\/\/caravan-laken.de\/shop-3\/reisemobil\/hobby-reisemobil\/matratzenschoner-passend-fuer-carthago-chic-c-line-t-5-0-qb-baujahr-2020\/","name":"Matratzenschoner passend f\u00fcr Carthago Chic C-Line T 5.0 QB Baujahr 2020 - Caravan Laken","isPartOf":{"@id":"https:\/\/caravan-laken.de\/#website"},"datePublished":"2026-03-15T07:54:06+00:00","dateModified":"2026-03-15T07:54:11+00:00","description":"Matratzenschoner passend f\u00fcr Carthago Chic C-Line T 5.0 QB Baujahr 2020","breadcrumb":{"@id":"https:\/\/caravan-laken.de\/shop-3\/reisemobil\/hobby-reisemobil\/matratzenschoner-passend-fuer-carthago-chic-c-line-t-5-0-qb-baujahr-2020\/#breadcrumb"},"inLanguage":"en-US","potentialAction":[{"@type":"ReadAction","target":["https:\/\/caravan-laken.de\/shop-3\/reisemobil\/hobby-reisemobil\/matratzenschoner-passend-fuer-carthago-chic-c-line-t-5-0-qb-baujahr-2020\/"]}]},{"@type":"BreadcrumbList","@id":"https:\/\/caravan-laken.de\/shop-3\/reisemobil\/hobby-reisemobil\/matratzenschoner-passend-fuer-carthago-chic-c-line-t-5-0-qb-baujahr-2020\/#breadcrumb","itemListElement":[{"@type":"ListItem","position":1,"name":"Startseite","item":"https:\/\/caravan-laken.de\/"},{"@type":"ListItem","position":2,"name":"Shop","item":"https:\/\/caravan-laken.de\/shop\/"},{"@type":"ListItem","position":3,"name":"Matratzenschoner passend f\u00fcr Carthago Chic C-Line T 5.0 QB Baujahr 2020"}]},{"@type":"WebSite","@id":"https:\/\/caravan-laken.de\/#website","url":"https:\/\/caravan-laken.de\/","name":"Suitable4Caravan","description":"Spannbettlaken und Matratzenschoner auf Ma\u00df","publisher":{"@id":"https:\/\/caravan-laken.de\/#organization"},"potentialAction":[{"@type":"SearchAction","target":{"@type":"EntryPoint","urlTemplate":"https:\/\/caravan-laken.de\/?s={search_term_string}"},"query-input":"required name=search_term_string"}],"inLanguage":"en-US"},{"@type":"Organization","@id":"https:\/\/caravan-laken.de\/#organization","name":"Suitable4Caravan","url":"https:\/\/caravan-laken.de\/","logo":{"@type":"ImageObject","inLanguage":"en-US","@id":"https:\/\/caravan-laken.de\/#\/schema\/logo\/image\/","url":"","contentUrl":"","caption":"Suitable4Caravan"},"image":{"@id":"https:\/\/caravan-laken.de\/#\/schema\/logo\/image\/"}}]}},"_links":{"self":[{"href":"https:\/\/caravan-laken.de\/en\/wp-json\/wp\/v2\/product\/311304","targetHints":{"allow":["GET"]}}],"collection":[{"href":"https:\/\/caravan-laken.de\/en\/wp-json\/wp\/v2\/product"}],"about":[{"href":"https:\/\/caravan-laken.de\/en\/wp-json\/wp\/v2\/types\/product"}],"replies":[{"embeddable":true,"href":"https:\/\/caravan-laken.de\/en\/wp-json\/wp\/v2\/comments?post=311304"}],"wp:featuredmedia":[{"embeddable":true,"href":"https:\/\/caravan-laken.de\/en\/wp-json\/wp\/v2\/media\/308504"}],"wp:attachment":[{"href":"https:\/\/caravan-laken.de\/en\/wp-json\/wp\/v2\/media?parent=311304"}],"wp:term":[{"taxonomy":"product_brand","embeddable":true,"href":"https:\/\/caravan-laken.de\/en\/wp-json\/wp\/v2\/product_brand?post=311304"},{"taxonomy":"product_cat","embeddable":true,"href":"https:\/\/caravan-laken.de\/en\/wp-json\/wp\/v2\/product_cat?post=311304"},{"taxonomy":"product_tag","embeddable":true,"href":"https:\/\/caravan-laken.de\/en\/wp-json\/wp\/v2\/product_tag?post=311304"}],"curies":[{"name":"wp","href":"https:\/\/api.w.org\/{rel}","templated":true}]}}